{"id":1059,"date":"2025-10-16T08:08:30","date_gmt":"2025-10-16T08:08:30","guid":{"rendered":"https:\/\/montessori.keweb.ch\/contact\/"},"modified":"2026-01-20T09:23:07","modified_gmt":"2026-01-20T09:23:07","slug":"contact-ecole-montessori-coppet","status":"publish","type":"page","link":"https:\/\/montessori.keweb.ch\/en\/contact-ecole-montessori-coppet\/","title":{"rendered":"Contact"},"content":{"rendered":"\t\t<div data-elementor-type=\"wp-page\" data-elementor-id=\"1059\" class=\"elementor elementor-1059\">\n\t\t\t\t<div class=\"elementor-element elementor-element-c6c17a7 e-con-full e-flex parallax_section_no qode_elementor_container_no e-con e-parent\" data-id=\"c6c17a7\" data-element_type=\"container\" data-e-type=\"container\" data-settings=\"{&quot;background_background&quot;:&quot;classic&quot;}\">\n\t\t<div class=\"elementor-element elementor-element-fb1d57f e-con-full e-flex parallax_section_no qode_elementor_container_no e-con e-child\" data-id=\"fb1d57f\" data-element_type=\"container\" data-e-type=\"container\">\n\t\t<div class=\"elementor-element elementor-element-14f9da5 e-con-full e-flex parallax_section_no qode_elementor_container_no e-con e-child\" data-id=\"14f9da5\" data-element_type=\"container\" data-e-type=\"container\">\n\t\t<div class=\"elementor-element elementor-element-005c7dd e-con-full e-flex parallax_section_no qode_elementor_container_no e-con e-child\" data-id=\"005c7dd\" data-element_type=\"container\" data-e-type=\"container\">\n\t\t\t\t<div class=\"elementor-element elementor-element-6a23cbe elementor-widget__width-inherit elementor-widget elementor-widget-heading\" data-id=\"6a23cbe\" data-element_type=\"widget\" data-e-type=\"widget\" data-widget_type=\"heading.default\">\n\t\t\t\t\t<h1 class=\"elementor-heading-title elementor-size-default\">CONTACT<\/h1>\t\t\t\t<\/div>\n\t\t\t\t<\/div>\n\t\t\t\t<\/div>\n\t\t<div class=\"elementor-element elementor-element-fe751ac e-flex e-con-boxed parallax_section_no qode_elementor_container_no e-con e-child\" data-id=\"fe751ac\" data-element_type=\"container\" data-e-type=\"container\">\n\t\t\t\t\t<div class=\"e-con-inner\">\n\t\t<div class=\"elementor-element elementor-element-9056753 e-con-full e-flex parallax_section_no qode_elementor_container_no e-con e-child\" data-id=\"9056753\" data-element_type=\"container\" data-e-type=\"container\">\n\t\t\t\t<div class=\"elementor-element elementor-element-51d4356 elementor-widget elementor-widget-text-editor\" data-id=\"51d4356\" data-element_type=\"widget\" data-e-type=\"widget\" data-widget_type=\"text-editor.default\">\n\t\t\t\t\t\t\t\t\t<p><strong>Ecole Montessori l&rsquo;Etincelle<\/strong><br \/>Place de la Gare 11<br \/>CH &#8211; 1296 Coppet<\/p><p>\u00a0<\/p><p>T\u00e9l : +41 (0) 78 334 50 04<br \/>Horaires de r\u00e9ception t\u00e9l\u00e9phonique :<br \/>lundi au vendredi : 8h \u00e0 18h<\/p><p>\u00a0<\/p><p><a href=\"mailto:contact@montessori-etincelle.ch\">contact@montessori-etincelle.ch<\/a><br \/>www.montessori-etincelle.ch<\/p><p>\u00a0<\/p><p>FB : <a href=\"https:\/\/www.facebook.com\/MontessoriEtincelle\/\">@MontessoriEtincelle<\/a><br \/>Instagram : <a href=\"http:\/\/www.instagram.com\/montessorietincelle\/\" target=\"_blank\" rel=\"noopener\">@montessorietincelle<\/a><\/p>\t\t\t\t\t\t\t\t<\/div>\n\t\t\t\t<div class=\"elementor-element elementor-element-c67e209 elementor-widget elementor-widget-button\" data-id=\"c67e209\" data-element_type=\"widget\" data-e-type=\"widget\" data-widget_type=\"button.default\">\n\t\t\t\t\t\t\t\t\t\t<a class=\"elementor-button elementor-button-link elementor-size-sm\" href=\"#\">\n\t\t\t\t\t\t<span class=\"elementor-button-content-wrapper\">\n\t\t\t\t\t\t\t\t\t<span class=\"elementor-button-text\">collab@example.com<\/span>\n\t\t\t\t\t<\/span>\n\t\t\t\t\t<\/a>\n\t\t\t\t\t\t\t\t<\/div>\n\t\t\t\t<div class=\"elementor-element elementor-element-1489af2 e-grid-align-left elementor-shape-rounded elementor-grid-0 elementor-widget elementor-widget-social-icons\" data-id=\"1489af2\" data-element_type=\"widget\" data-e-type=\"widget\" data-widget_type=\"social-icons.default\">\n\t\t\t\t\t\t\t<div class=\"elementor-social-icons-wrapper elementor-grid\" role=\"list\">\n\t\t\t\t\t\t\t<span class=\"elementor-grid-item\" role=\"listitem\">\n\t\t\t\t\t<a class=\"elementor-icon elementor-social-icon elementor-social-icon-facebook elementor-repeater-item-c5fa792\" target=\"_blank\">\n\t\t\t\t\t\t<span class=\"elementor-screen-only\">Facebook<\/span>\n\t\t\t\t\t\t<svg aria-hidden=\"true\" class=\"e-font-icon-svg e-fab-facebook\" viewBox=\"0 0 512 512\" xmlns=\"http:\/\/www.w3.org\/2000\/svg\"><path d=\"M504 256C504 119 393 8 256 8S8 119 8 256c0 123.78 90.69 226.38 209.25 245V327.69h-63V256h63v-54.64c0-62.15 37-96.48 93.67-96.48 27.14 0 55.52 4.84 55.52 4.84v61h-31.28c-30.8 0-40.41 19.12-40.41 38.73V256h68.78l-11 71.69h-57.78V501C413.31 482.38 504 379.78 504 256z\"><\/path><\/svg>\t\t\t\t\t<\/a>\n\t\t\t\t<\/span>\n\t\t\t\t\t\t\t<span class=\"elementor-grid-item\" role=\"listitem\">\n\t\t\t\t\t<a class=\"elementor-icon elementor-social-icon elementor-social-icon-twitter elementor-repeater-item-824e65a\" target=\"_blank\">\n\t\t\t\t\t\t<span class=\"elementor-screen-only\">Twitter<\/span>\n\t\t\t\t\t\t<svg aria-hidden=\"true\" class=\"e-font-icon-svg e-fab-twitter\" viewBox=\"0 0 512 512\" xmlns=\"http:\/\/www.w3.org\/2000\/svg\"><path d=\"M459.37 151.716c.325 4.548.325 9.097.325 13.645 0 138.72-105.583 298.558-298.558 298.558-59.452 0-114.68-17.219-161.137-47.106 8.447.974 16.568 1.299 25.34 1.299 49.055 0 94.213-16.568 130.274-44.832-46.132-.975-84.792-31.188-98.112-72.772 6.498.974 12.995 1.624 19.818 1.624 9.421 0 18.843-1.3 27.614-3.573-48.081-9.747-84.143-51.98-84.143-102.985v-1.299c13.969 7.797 30.214 12.67 47.431 13.319-28.264-18.843-46.781-51.005-46.781-87.391 0-19.492 5.197-37.36 14.294-52.954 51.655 63.675 129.3 105.258 216.365 109.807-1.624-7.797-2.599-15.918-2.599-24.04 0-57.828 46.782-104.934 104.934-104.934 30.213 0 57.502 12.67 76.67 33.137 23.715-4.548 46.456-13.32 66.599-25.34-7.798 24.366-24.366 44.833-46.132 57.827 21.117-2.273 41.584-8.122 60.426-16.243-14.292 20.791-32.161 39.308-52.628 54.253z\"><\/path><\/svg>\t\t\t\t\t<\/a>\n\t\t\t\t<\/span>\n\t\t\t\t\t\t\t<span class=\"elementor-grid-item\" role=\"listitem\">\n\t\t\t\t\t<a class=\"elementor-icon elementor-social-icon elementor-social-icon-youtube elementor-repeater-item-6a4f6c5\" target=\"_blank\">\n\t\t\t\t\t\t<span class=\"elementor-screen-only\">Youtube<\/span>\n\t\t\t\t\t\t<svg aria-hidden=\"true\" class=\"e-font-icon-svg e-fab-youtube\" viewBox=\"0 0 576 512\" xmlns=\"http:\/\/www.w3.org\/2000\/svg\"><path d=\"M549.655 124.083c-6.281-23.65-24.787-42.276-48.284-48.597C458.781 64 288 64 288 64S117.22 64 74.629 75.486c-23.497 6.322-42.003 24.947-48.284 48.597-11.412 42.867-11.412 132.305-11.412 132.305s0 89.438 11.412 132.305c6.281 23.65 24.787 41.5 48.284 47.821C117.22 448 288 448 288 448s170.78 0 213.371-11.486c23.497-6.321 42.003-24.171 48.284-47.821 11.412-42.867 11.412-132.305 11.412-132.305s0-89.438-11.412-132.305zm-317.51 213.508V175.185l142.739 81.205-142.739 81.201z\"><\/path><\/svg>\t\t\t\t\t<\/a>\n\t\t\t\t<\/span>\n\t\t\t\t\t<\/div>\n\t\t\t\t\t\t<\/div>\n\t\t\t\t<\/div>\n\t\t<div class=\"elementor-element elementor-element-cbb5c4a e-con-full e-flex parallax_section_no qode_elementor_container_no e-con e-child\" data-id=\"cbb5c4a\" data-element_type=\"container\" data-e-type=\"container\">\n\t\t\t\t<div class=\"elementor-element elementor-element-6651475 elementor-widget elementor-widget-wpforms\" data-id=\"6651475\" data-element_type=\"widget\" data-e-type=\"widget\" data-widget_type=\"wpforms.default\">\n\t\t\t\t<div class=\"elementor-widget-container\">\n\t\t\t\t\t<div class=\"wpforms-container \" id=\"wpforms-15\"><form id=\"wpforms-form-15\" class=\"wpforms-validate wpforms-form wpforms-ajax-form\" data-formid=\"15\" method=\"post\" enctype=\"multipart\/form-data\" action=\"\/en\/wp-json\/wp\/v2\/pages\/1059\" data-token=\"8054d1facca66281f4b43a09b9c87ce7\" data-token-time=\"1776452100\"><noscript class=\"wpforms-error-noscript\">Please enable JavaScript in your browser to complete this form.<\/noscript><div class=\"wpforms-field-container\"><div id=\"wpforms-15-field_0-container\" class=\"wpforms-field wpforms-field-name\" data-field-id=\"0\"><label class=\"wpforms-field-label wpforms-label-hide\" for=\"wpforms-15-field_0\">Nom <span class=\"wpforms-required-label\">*<\/span><\/label><input type=\"text\" id=\"wpforms-15-field_0\" class=\"wpforms-field-large wpforms-field-required\" name=\"wpforms[fields][0]\" placeholder=\"Nom\" required><\/div><div id=\"wpforms-15-field_4-container\" class=\"wpforms-field wpforms-field-name\" data-field-id=\"4\"><label class=\"wpforms-field-label wpforms-label-hide\" for=\"wpforms-15-field_4\">Pr\u00e9nom <span class=\"wpforms-required-label\">*<\/span><\/label><input type=\"text\" id=\"wpforms-15-field_4\" class=\"wpforms-field-large wpforms-field-required\" name=\"wpforms[fields][4]\" placeholder=\"Pr\u00e9nom\" required><\/div><div id=\"wpforms-15-field_1-container\" class=\"wpforms-field wpforms-field-email\" data-field-id=\"1\"><label class=\"wpforms-field-label wpforms-label-hide\" for=\"wpforms-15-field_1\">Adresse E-mail <span class=\"wpforms-required-label\">*<\/span><\/label><input type=\"email\" id=\"wpforms-15-field_1\" class=\"wpforms-field-large wpforms-field-required\" name=\"wpforms[fields][1]\" placeholder=\"Adresse E-mail\" spellcheck=\"false\" required><\/div><div id=\"wpforms-15-field_5-container\" class=\"wpforms-field wpforms-field-name\" data-field-id=\"5\"><label class=\"wpforms-field-label wpforms-label-hide\" for=\"wpforms-15-field_5\">T\u00e9l\u00e9phone <span class=\"wpforms-required-label\">*<\/span><\/label><input type=\"text\" id=\"wpforms-15-field_5\" class=\"wpforms-field-large wpforms-field-required\" name=\"wpforms[fields][5]\" placeholder=\"T\u00e9l\u00e9phone\" required><\/div><div id=\"wpforms-15-field_6-container\" class=\"wpforms-field wpforms-field-name\" data-field-id=\"6\"><label class=\"wpforms-field-label wpforms-label-hide\" for=\"wpforms-15-field_6\">Sujet <span class=\"wpforms-required-label\">*<\/span><\/label><input type=\"text\" id=\"wpforms-15-field_6\" class=\"wpforms-field-large wpforms-field-required\" name=\"wpforms[fields][6]\" placeholder=\"Sujet\" required><\/div><div id=\"wpforms-15-field_2-container\" class=\"wpforms-field wpforms-field-textarea\" data-field-id=\"2\"><label class=\"wpforms-field-label\" for=\"wpforms-15-field_2\">Votre message <span class=\"wpforms-required-label\">*<\/span><\/label><textarea id=\"wpforms-15-field_2\" class=\"wpforms-field-medium wpforms-field-required\" name=\"wpforms[fields][2]\" required><\/textarea><\/div><\/div><!-- .wpforms-field-container --><div class=\"wpforms-submit-container\" ><input type=\"hidden\" name=\"wpforms[id]\" value=\"15\"><input type=\"hidden\" name=\"page_title\" value=\"\"><input type=\"hidden\" name=\"page_url\" value=\"https:\/\/montessori.keweb.ch\/en\/wp-json\/wp\/v2\/pages\/1059\"><input type=\"hidden\" name=\"url_referer\" value=\"\"><button type=\"submit\" name=\"wpforms[submit]\" id=\"wpforms-submit-15\" class=\"wpforms-submit\" data-alt-text=\"Envoi...\" data-submit-text=\"ENVOYER LE MESSAGE\" aria-live=\"assertive\" value=\"wpforms-submit\">ENVOYER LE MESSAGE<\/button><img decoding=\"async\" src=\"https:\/\/montessori.keweb.ch\/wp-content\/plugins\/wpforms-lite\/assets\/images\/submit-spin.svg\" class=\"wpforms-submit-spinner\" style=\"display: none;\" width=\"26\" height=\"26\" alt=\"Loading\"><\/div><\/form><\/div>  <!-- .wpforms-container -->\t\t\t\t<\/div>\n\t\t\t\t<\/div>\n\t\t\t\t<\/div>\n\t\t\t\t\t<\/div>\n\t\t\t\t<\/div>\n\t\t\t\t<\/div>\n\t\t\t\t<\/div>\n\t\t<div class=\"elementor-element elementor-element-13cacf6 e-flex e-con-boxed parallax_section_no qode_elementor_container_no e-con e-parent\" data-id=\"13cacf6\" data-element_type=\"container\" data-e-type=\"container\">\n\t\t\t\t\t<div class=\"e-con-inner\">\n\t\t\t\t<div class=\"elementor-element elementor-element-b53ddc3 elementor-widget__width-inherit elementor-widget elementor-widget-heading\" data-id=\"b53ddc3\" data-element_type=\"widget\" data-e-type=\"widget\" data-widget_type=\"heading.default\">\n\t\t\t\t\t<h1 class=\"elementor-heading-title elementor-size-default\">DEMANDE D'INFORMATIONS &amp; INSCRIPTION<\/h1>\t\t\t\t<\/div>\n\t\t\t\t<div class=\"elementor-element elementor-element-b02bded elementor-widget elementor-widget-text-editor\" data-id=\"b02bded\" data-element_type=\"widget\" data-e-type=\"widget\" data-widget_type=\"text-editor.default\">\n\t\t\t\t\t\t\t\t\t<p><strong>Vous vous int\u00e9ressez \u00e0 l&rsquo;Etincelle ? Contactez-nous !<\/strong><\/p><p>Nous nous ferons un plaisir de r\u00e9pondre \u00e0 toutes vos questions, dans les meilleurs d\u00e9lais. <br \/>\u00a0Et vous recevrez davantage d&rsquo;informations par email.<\/p>\t\t\t\t\t\t\t\t<\/div>\n\t\t\t\t<div class=\"elementor-element elementor-element-6bcfde6 elementor-widget elementor-widget-text-editor\" data-id=\"6bcfde6\" data-element_type=\"widget\" data-e-type=\"widget\" data-widget_type=\"text-editor.default\">\n\t\t\t\t\t\t\t\t\t<p><strong>Venez pour une visite, \u00e0 tout moment de l&rsquo;ann\u00e9e<br \/><\/strong>Vous pourrez d\u00e9couvrir nos espaces, notre jardin et la p\u00e9dagogie Montessori. <br \/>Ce sera l&rsquo;occasion de faire connaissance et nous vous expliquerons tout le processus pour les inscriptions.<\/p>\t\t\t\t\t\t\t\t<\/div>\n\t\t\t\t<div class=\"elementor-element elementor-element-b91fcb9 elementor-widget elementor-widget-spacer\" data-id=\"b91fcb9\" data-element_type=\"widget\" data-e-type=\"widget\" data-widget_type=\"spacer.default\">\n\t\t\t\t\t\t\t<div class=\"elementor-spacer\">\n\t\t\t<div class=\"elementor-spacer-inner\"><\/div>\n\t\t<\/div>\n\t\t\t\t\t\t<\/div>\n\t\t<div class=\"elementor-element elementor-element-9d51908 e-con-full e-flex parallax_section_no qode_elementor_container_no e-con e-child\" data-id=\"9d51908\" data-element_type=\"container\" data-e-type=\"container\">\n\t\t\t\t<div class=\"elementor-element elementor-element-188b5b3 elementor-widget elementor-widget-google_maps\" data-id=\"188b5b3\" data-element_type=\"widget\" data-e-type=\"widget\" data-widget_type=\"google_maps.default\">\n\t\t\t\t\t\t\t<div class=\"elementor-custom-embed\">\n\t\t\t<iframe loading=\"lazy\"\n\t\t\t\t\tsrc=\"https:\/\/maps.google.com\/maps?q=Place%20de%20la%20Gare%2011%20CH%20-%201296%20Coppet&#038;t=m&#038;z=16&#038;output=embed&#038;iwloc=near\"\n\t\t\t\t\ttitle=\"Place de la Gare 11 CH - 1296 Coppet\"\n\t\t\t\t\taria-label=\"Place de la Gare 11 CH - 1296 Coppet\"\n\t\t\t><\/iframe>\n\t\t<\/div>\n\t\t\t\t\t\t<\/div>\n\t\t\t\t<\/div>\n\t\t\t\t\t<\/div>\n\t\t\t\t<\/div>\n\t\t\t\t<\/div>\n\t\t","protected":false},"excerpt":{"rendered":"<p>CONTACT Ecole Montessori l&rsquo;EtincellePlace de la Gare 11CH &#8211; 1296 Coppet \u00a0 T\u00e9l : +41 (0) 78 334 50 04Horaires de r\u00e9ception t\u00e9l\u00e9phonique :lundi au vendredi : 8h \u00e0 18h \u00a0 contact@montessori-etincelle.chwww.montessori-etincelle.ch \u00a0 FB : @MontessoriEtincelleInstagram : @montessorietincelle collab@example.com Facebook Twitter Youtube Veuillez activer JavaScript&#8230;<\/p>","protected":false},"author":1,"featured_media":0,"parent":0,"menu_order":0,"comment_status":"closed","ping_status":"closed","template":"elementor_header_footer","meta":{"footnotes":""},"class_list":["post-1059","page","type-page","status-publish","hentry"],"yoast_head":"<!-- This site is optimized with the Yoast SEO plugin v26.9 - https:\/\/yoast.com\/product\/yoast-seo-wordpress\/ -->\n<title>Contact Ecole Montessori Coppet | Ecole Montessori | Suisse - Coppet |<\/title>\n<meta name=\"description\" content=\"Contact Ecole Montessori Coppet , Contactez-nous pour toute question ou demande, nous vous r\u00e9pondrons le plus rapidement. Contact Ecole Montessori Coppet\" \/>\n<meta name=\"robots\" content=\"index, follow, max-snippet:-1, max-image-preview:large, max-video-preview:-1\" \/>\n<link rel=\"canonical\" href=\"https:\/\/montessori.keweb.ch\/en\/contact-ecole-montessori-coppet\/\" \/>\n<meta property=\"og:locale\" content=\"en_GB\" \/>\n<meta property=\"og:type\" content=\"article\" \/>\n<meta property=\"og:title\" content=\"Contact Ecole Montessori Coppet | Ecole Montessori | Suisse - Coppet |\" \/>\n<meta property=\"og:description\" content=\"Contact Ecole Montessori Coppet , Contactez-nous pour toute question ou demande, nous vous r\u00e9pondrons le plus rapidement. Contact Ecole Montessori Coppet\" \/>\n<meta property=\"og:url\" content=\"https:\/\/montessori.keweb.ch\/en\/contact-ecole-montessori-coppet\/\" \/>\n<meta property=\"og:site_name\" content=\"Ecole Montessori\" \/>\n<meta property=\"article:modified_time\" content=\"2026-01-20T09:23:07+00:00\" \/>\n<meta property=\"og:image\" content=\"https:\/\/montessori.keweb.ch\/wp-content\/plugins\/wpforms-lite\/assets\/images\/submit-spin.svg\" \/>\n<meta name=\"twitter:card\" content=\"summary_large_image\" \/>\n<meta name=\"twitter:label1\" content=\"Estimated reading time\" \/>\n\t<meta name=\"twitter:data1\" content=\"1 minute\" \/>\n<script type=\"application\/ld+json\" class=\"yoast-schema-graph\">{\"@context\":\"https:\/\/schema.org\",\"@graph\":[{\"@type\":\"WebPage\",\"@id\":\"https:\/\/montessori.keweb.ch\/contact-ecole-montessori-coppet\/\",\"url\":\"https:\/\/montessori.keweb.ch\/contact-ecole-montessori-coppet\/\",\"name\":\"Contact Ecole Montessori Coppet | Ecole Montessori | Suisse - Coppet |\",\"isPartOf\":{\"@id\":\"https:\/\/montessori.keweb.ch\/#website\"},\"primaryImageOfPage\":{\"@id\":\"https:\/\/montessori.keweb.ch\/contact-ecole-montessori-coppet\/#primaryimage\"},\"image\":{\"@id\":\"https:\/\/montessori.keweb.ch\/contact-ecole-montessori-coppet\/#primaryimage\"},\"thumbnailUrl\":\"https:\/\/montessori.keweb.ch\/wp-content\/plugins\/wpforms-lite\/assets\/images\/submit-spin.svg\",\"datePublished\":\"2025-10-16T08:08:30+00:00\",\"dateModified\":\"2026-01-20T09:23:07+00:00\",\"description\":\"Contact Ecole Montessori Coppet , Contactez-nous pour toute question ou demande, nous vous r\u00e9pondrons le plus rapidement. Contact Ecole Montessori Coppet\",\"breadcrumb\":{\"@id\":\"https:\/\/montessori.keweb.ch\/contact-ecole-montessori-coppet\/#breadcrumb\"},\"inLanguage\":\"en-GB\",\"potentialAction\":[{\"@type\":\"ReadAction\",\"target\":[\"https:\/\/montessori.keweb.ch\/contact-ecole-montessori-coppet\/\"]}]},{\"@type\":\"ImageObject\",\"inLanguage\":\"en-GB\",\"@id\":\"https:\/\/montessori.keweb.ch\/contact-ecole-montessori-coppet\/#primaryimage\",\"url\":\"https:\/\/montessori.keweb.ch\/wp-content\/plugins\/wpforms-lite\/assets\/images\/submit-spin.svg\",\"contentUrl\":\"https:\/\/montessori.keweb.ch\/wp-content\/plugins\/wpforms-lite\/assets\/images\/submit-spin.svg\"},{\"@type\":\"BreadcrumbList\",\"@id\":\"https:\/\/montessori.keweb.ch\/contact-ecole-montessori-coppet\/#breadcrumb\",\"itemListElement\":[{\"@type\":\"ListItem\",\"position\":1,\"name\":\"Accueil\",\"item\":\"https:\/\/montessori.keweb.ch\/\"},{\"@type\":\"ListItem\",\"position\":2,\"name\":\"Contact\"}]},{\"@type\":\"WebSite\",\"@id\":\"https:\/\/montessori.keweb.ch\/#website\",\"url\":\"https:\/\/montessori.keweb.ch\/\",\"name\":\"Ecole Bilingue Montessori Anglais\",\"description\":\"\",\"publisher\":{\"@id\":\"https:\/\/montessori.keweb.ch\/#organization\"},\"alternateName\":\"Ecole Bilingue Montessori Anglais\",\"potentialAction\":[{\"@type\":\"SearchAction\",\"target\":{\"@type\":\"EntryPoint\",\"urlTemplate\":\"https:\/\/montessori.keweb.ch\/?s={search_term_string}\"},\"query-input\":{\"@type\":\"PropertyValueSpecification\",\"valueRequired\":true,\"valueName\":\"search_term_string\"}}],\"inLanguage\":\"en-GB\"},{\"@type\":\"Organization\",\"@id\":\"https:\/\/montessori.keweb.ch\/#organization\",\"name\":\"Ecole Bilingue Montessori Anglais\",\"alternateName\":\"Ecole Bilingue Montessori Anglais\",\"url\":\"https:\/\/montessori.keweb.ch\/\",\"logo\":{\"@type\":\"ImageObject\",\"inLanguage\":\"en-GB\",\"@id\":\"https:\/\/montessori.keweb.ch\/#\/schema\/logo\/image\/\",\"url\":\"https:\/\/montessori.keweb.ch\/wp-content\/uploads\/2025\/10\/logo-1.png\",\"contentUrl\":\"https:\/\/montessori.keweb.ch\/wp-content\/uploads\/2025\/10\/logo-1.png\",\"width\":597,\"height\":850,\"caption\":\"Ecole Bilingue Montessori Anglais\"},\"image\":{\"@id\":\"https:\/\/montessori.keweb.ch\/#\/schema\/logo\/image\/\"}}]}<\/script>\n<!-- \/ Yoast SEO plugin. -->","yoast_head_json":{"title":"Contact Ecole Montessori Coppet | Ecole Montessori | Suisse - Coppet |","description":"Contact Ecole Montessori Coppet , Contactez-nous pour toute question ou demande, nous vous r\u00e9pondrons le plus rapidement. Contact Ecole Montessori Coppet","robots":{"index":"index","follow":"follow","max-snippet":"max-snippet:-1","max-image-preview":"max-image-preview:large","max-video-preview":"max-video-preview:-1"},"canonical":"https:\/\/montessori.keweb.ch\/en\/contact-ecole-montessori-coppet\/","og_locale":"en_GB","og_type":"article","og_title":"Contact Ecole Montessori Coppet | Ecole Montessori | Suisse - Coppet |","og_description":"Contact Ecole Montessori Coppet , Contactez-nous pour toute question ou demande, nous vous r\u00e9pondrons le plus rapidement. Contact Ecole Montessori Coppet","og_url":"https:\/\/montessori.keweb.ch\/en\/contact-ecole-montessori-coppet\/","og_site_name":"Ecole Montessori","article_modified_time":"2026-01-20T09:23:07+00:00","og_image":[{"url":"https:\/\/montessori.keweb.ch\/wp-content\/plugins\/wpforms-lite\/assets\/images\/submit-spin.svg","type":"","width":"","height":""}],"twitter_card":"summary_large_image","twitter_misc":{"Estimated reading time":"1 minute"},"schema":{"@context":"https:\/\/schema.org","@graph":[{"@type":"WebPage","@id":"https:\/\/montessori.keweb.ch\/contact-ecole-montessori-coppet\/","url":"https:\/\/montessori.keweb.ch\/contact-ecole-montessori-coppet\/","name":"Contact Ecole Montessori Coppet | Ecole Montessori | Suisse - Coppet |","isPartOf":{"@id":"https:\/\/montessori.keweb.ch\/#website"},"primaryImageOfPage":{"@id":"https:\/\/montessori.keweb.ch\/contact-ecole-montessori-coppet\/#primaryimage"},"image":{"@id":"https:\/\/montessori.keweb.ch\/contact-ecole-montessori-coppet\/#primaryimage"},"thumbnailUrl":"https:\/\/montessori.keweb.ch\/wp-content\/plugins\/wpforms-lite\/assets\/images\/submit-spin.svg","datePublished":"2025-10-16T08:08:30+00:00","dateModified":"2026-01-20T09:23:07+00:00","description":"Contact Ecole Montessori Coppet , Contactez-nous pour toute question ou demande, nous vous r\u00e9pondrons le plus rapidement. Contact Ecole Montessori Coppet","breadcrumb":{"@id":"https:\/\/montessori.keweb.ch\/contact-ecole-montessori-coppet\/#breadcrumb"},"inLanguage":"en-GB","potentialAction":[{"@type":"ReadAction","target":["https:\/\/montessori.keweb.ch\/contact-ecole-montessori-coppet\/"]}]},{"@type":"ImageObject","inLanguage":"en-GB","@id":"https:\/\/montessori.keweb.ch\/contact-ecole-montessori-coppet\/#primaryimage","url":"https:\/\/montessori.keweb.ch\/wp-content\/plugins\/wpforms-lite\/assets\/images\/submit-spin.svg","contentUrl":"https:\/\/montessori.keweb.ch\/wp-content\/plugins\/wpforms-lite\/assets\/images\/submit-spin.svg"},{"@type":"BreadcrumbList","@id":"https:\/\/montessori.keweb.ch\/contact-ecole-montessori-coppet\/#breadcrumb","itemListElement":[{"@type":"ListItem","position":1,"name":"Accueil","item":"https:\/\/montessori.keweb.ch\/"},{"@type":"ListItem","position":2,"name":"Contact"}]},{"@type":"WebSite","@id":"https:\/\/montessori.keweb.ch\/#website","url":"https:\/\/montessori.keweb.ch\/","name":"Ecole Bilingue Montessori Anglais","description":"","publisher":{"@id":"https:\/\/montessori.keweb.ch\/#organization"},"alternateName":"Ecole Bilingue Montessori Anglais","potentialAction":[{"@type":"SearchAction","target":{"@type":"EntryPoint","urlTemplate":"https:\/\/montessori.keweb.ch\/?s={search_term_string}"},"query-input":{"@type":"PropertyValueSpecification","valueRequired":true,"valueName":"search_term_string"}}],"inLanguage":"en-GB"},{"@type":"Organization","@id":"https:\/\/montessori.keweb.ch\/#organization","name":"Ecole Bilingue Montessori Anglais","alternateName":"Ecole Bilingue Montessori Anglais","url":"https:\/\/montessori.keweb.ch\/","logo":{"@type":"ImageObject","inLanguage":"en-GB","@id":"https:\/\/montessori.keweb.ch\/#\/schema\/logo\/image\/","url":"https:\/\/montessori.keweb.ch\/wp-content\/uploads\/2025\/10\/logo-1.png","contentUrl":"https:\/\/montessori.keweb.ch\/wp-content\/uploads\/2025\/10\/logo-1.png","width":597,"height":850,"caption":"Ecole Bilingue Montessori Anglais"},"image":{"@id":"https:\/\/montessori.keweb.ch\/#\/schema\/logo\/image\/"}}]}},"_links":{"self":[{"href":"https:\/\/montessori.keweb.ch\/en\/wp-json\/wp\/v2\/pages\/1059","targetHints":{"allow":["GET"]}}],"collection":[{"href":"https:\/\/montessori.keweb.ch\/en\/wp-json\/wp\/v2\/pages"}],"about":[{"href":"https:\/\/montessori.keweb.ch\/en\/wp-json\/wp\/v2\/types\/page"}],"author":[{"embeddable":true,"href":"https:\/\/montessori.keweb.ch\/en\/wp-json\/wp\/v2\/users\/1"}],"replies":[{"embeddable":true,"href":"https:\/\/montessori.keweb.ch\/en\/wp-json\/wp\/v2\/comments?post=1059"}],"version-history":[{"count":88,"href":"https:\/\/montessori.keweb.ch\/en\/wp-json\/wp\/v2\/pages\/1059\/revisions"}],"predecessor-version":[{"id":2222,"href":"https:\/\/montessori.keweb.ch\/en\/wp-json\/wp\/v2\/pages\/1059\/revisions\/2222"}],"wp:attachment":[{"href":"https:\/\/montessori.keweb.ch\/en\/wp-json\/wp\/v2\/media?parent=1059"}],"curies":[{"name":"wp","href":"https:\/\/api.w.org\/{rel}","templated":true}]}}