{"id":1656,"date":"2025-11-07T15:16:33","date_gmt":"2025-11-07T15:16:33","guid":{"rendered":"https:\/\/montessori.keweb.ch\/?page_id=1656"},"modified":"2026-02-16T08:04:16","modified_gmt":"2026-02-16T08:04:16","slug":"mentions-legales","status":"publish","type":"page","link":"https:\/\/montessori.keweb.ch\/en\/mentions-legales\/","title":{"rendered":"Mentions L\u00e9gales"},"content":{"rendered":"<div data-elementor-type=\"wp-page\" data-elementor-id=\"1656\" class=\"elementor elementor-1656\">\n\t\t\t\t<div class=\"elementor-element elementor-element-1dbd7722 elementor-hidden-tablet elementor-hidden-mobile e-flex e-con-boxed parallax_section_no qode_elementor_container_no e-con e-parent\" data-id=\"1dbd7722\" data-element_type=\"container\" data-e-type=\"container\">\n\t\t\t\t\t<div class=\"e-con-inner\">\n\t\t\t\t<div class=\"elementor-element elementor-element-53ff492 elementor-widget elementor-widget-spacer\" data-id=\"53ff492\" data-element_type=\"widget\" data-e-type=\"widget\" data-widget_type=\"spacer.default\">\n\t\t\t\t\t\t\t<div class=\"elementor-spacer\">\n\t\t\t<div class=\"elementor-spacer-inner\"><\/div>\n\t\t<\/div>\n\t\t\t\t\t\t<\/div>\n\t\t\t\t\t<\/div>\n\t\t\t\t<\/div>\n\t\t<div class=\"elementor-element elementor-element-0a755ac e-flex e-con-boxed parallax_section_no qode_elementor_container_no e-con e-parent\" data-id=\"0a755ac\" data-element_type=\"container\" data-e-type=\"container\">\n\t\t\t\t\t<div class=\"e-con-inner\">\n\t\t\t\t<div class=\"elementor-element elementor-element-d895281 elementor-widget elementor-widget-spacer\" data-id=\"d895281\" data-element_type=\"widget\" data-e-type=\"widget\" data-widget_type=\"spacer.default\">\n\t\t\t\t\t\t\t<div class=\"elementor-spacer\">\n\t\t\t<div class=\"elementor-spacer-inner\"><\/div>\n\t\t<\/div>\n\t\t\t\t\t\t<\/div>\n\t\t\t\t<div class=\"elementor-element elementor-element-4f5376d elementor-widget elementor-widget-heading\" data-id=\"4f5376d\" data-element_type=\"widget\" data-e-type=\"widget\" data-widget_type=\"heading.default\">\n\t\t\t\t\t<h1 class=\"elementor-heading-title elementor-size-default\">Mentions L\u00e9gales<\/h1>\t\t\t\t<\/div>\n\t\t\t\t<div class=\"elementor-element elementor-element-a4791cb elementor-widget elementor-widget-spacer\" data-id=\"a4791cb\" data-element_type=\"widget\" data-e-type=\"widget\" data-widget_type=\"spacer.default\">\n\t\t\t\t\t\t\t<div class=\"elementor-spacer\">\n\t\t\t<div class=\"elementor-spacer-inner\"><\/div>\n\t\t<\/div>\n\t\t\t\t\t\t<\/div>\n\t\t\t\t\t<\/div>\n\t\t\t\t<\/div>\n\t\t<div class=\"elementor-element elementor-element-50a3016 e-flex e-con-boxed parallax_section_no qode_elementor_container_no e-con e-parent\" data-id=\"50a3016\" data-element_type=\"container\" data-e-type=\"container\">\n\t\t\t\t\t<div class=\"e-con-inner\">\n\t\t\t\t<div class=\"elementor-element elementor-element-3ef073d elementor-widget elementor-widget-text-editor\" data-id=\"3ef073d\" data-element_type=\"widget\" data-e-type=\"widget\" data-widget_type=\"text-editor.default\">\n\t\t\t\t\t\t\t\t\t\n<h2 class=\"wp-block-heading\">Propri\u00e9taire du site Internet<\/h2>\n\n<h3 class=\"wp-block-heading\">\u00a0<\/h3>\n<h3 class=\"wp-block-heading\">Ecole Montessori l&rsquo;Etincelle<\/h3>\n\n<p>Place de la Gare 11<\/p>\n\n<p>1296 Coppet<br \/>SUISSE<\/p>\n\n<p>Directrice de la publication : Mme Deventh\u00e9ry<br \/>T\u00e9l\u00e9phone : <a href=\"tel:0783345004\">078 334 50 04\u00a0<\/a><\/p>\n<p>\u00a0<\/p>\n\n<h2 class=\"wp-block-heading\">R\u00e9alisation du site Internet<\/h2>\n\n<p><strong>KeWeb S\u00e0rl<\/strong><br \/>Rue des Creusets 8<br \/>1950 Sion<\/p>\n\n<p><strong><a href=\"https:\/\/www.dream-me-up.fr\/creation-sites-web\/wordpress\">www.keweb.ch<\/a><\/strong><\/p>\n\n<p>CH-626-4025583-4<br \/>Adresse de contact : info@keweb.ch<br \/>T\u00e9l\u00e9phone : 027 323 00 01<\/p>\n<p>\u00a0<\/p>\n\n<h2 class=\"wp-block-heading\">H\u00e9bergement du site Internet<\/h2>\n\n<p>L\u2019h\u00e9bergement est effectu\u00e9 sur un serveur d\u00e9di\u00e9 chez:<\/p>\n<p>Infomaniak SA<\/p>\n<p><strong>Rue Eug\u00e8ne-Marziano 25 1227 Les Acacias<br \/><\/strong><strong>Suisse<\/strong>.<br \/>T\u00e9l\u00e9phone : <strong>022 820 35 41<\/strong><br \/>La maintenance est effectu\u00e9e par la soci\u00e9t\u00e9\u00a0<strong>KeWeb S\u00e0rl partenaire officiel d&rsquo;Infomaniak SA.<\/strong><\/p>\n<p>\u00a0<\/p>\n\n<h2 class=\"wp-block-heading\">Propri\u00e9t\u00e9 intellectuelle<\/h2>\n\n<p>La structure g\u00e9n\u00e9rale ainsi que les logiciels, textes, images anim\u00e9es ou non, son savoir-faire et tous les autres \u00e9l\u00e9ments composant le site sont la propri\u00e9t\u00e9 exclusive de l\u2019<strong>\u00e9cole Montessori l&rsquo;Etincelle<\/strong>. Toute repr\u00e9sentation totale ou partielle de ce site par quelle personne que ce soit, sans l\u2019autorisation expresse\u00a0de l\u2019<strong>\u00e9cole Montessori l&rsquo;Etincelle<\/strong> est interdite et constituerait une contrefa\u00e7on sanctionn\u00e9e par les articles L. 335-2 et suivants du Code de la propri\u00e9t\u00e9 intellectuelle.<\/p>\n\n<p>Les marques\u00a0<strong>de l\u2019Ecole Montessori l&rsquo;Etincelle<\/strong>\u00a0et de ses partenaires, ainsi que les logos figurant sur le site sont des marques d\u00e9pos\u00e9es.<\/p>\n\n<p>Toute reproduction totale ou partielle de ces marques ou de ces logos effectu\u00e9s \u00e0 partir des \u00e9l\u00e9ments du site sans l\u2019autorisation expresse\u00a0<strong>de l\u2019\u00e9cole Montessori l&rsquo;Etincelle <\/strong>est donc prohib\u00e9e au sens du Code de la propri\u00e9t\u00e9 intellectuelle.<\/p>\n\n<p>\u00a0<\/p>\n\t\t\t\t\t\t\t\t<\/div>\n\t\t\t\t<div class=\"elementor-element elementor-element-b4f4b24 elementor-widget elementor-widget-spacer\" data-id=\"b4f4b24\" data-element_type=\"widget\" data-e-type=\"widget\" data-widget_type=\"spacer.default\">\n\t\t\t\t\t\t\t<div class=\"elementor-spacer\">\n\t\t\t<div class=\"elementor-spacer-inner\"><\/div>\n\t\t<\/div>\n\t\t\t\t\t\t<\/div>\n\t\t\t\t\t<\/div>\n\t\t\t\t<\/div>\n\t\t\t\t<\/div>","protected":false},"excerpt":{"rendered":"<p>Mentions L\u00e9gales Propri\u00e9taire du site Internet \u00a0 Ecole Montessori l&rsquo;Etincelle Place de la Gare 11 1296 CoppetSUISSE Directrice de la publication : Mme Deventh\u00e9ryT\u00e9l\u00e9phone : 078 334 50 04\u00a0 \u00a0 R\u00e9alisation du site Internet KeWeb S\u00e0rlRue des Creusets 81950 Sion www.keweb.ch CH-626-4025583-4Adresse de contact :&#8230;<\/p>","protected":false},"author":1,"featured_media":0,"parent":0,"menu_order":0,"comment_status":"closed","ping_status":"closed","template":"","meta":{"footnotes":""},"class_list":["post-1656","page","type-page","status-publish","hentry"],"yoast_head":"<!-- This site is optimized with the Yoast SEO plugin v26.9 - https:\/\/yoast.com\/product\/yoast-seo-wordpress\/ -->\n<title>Mentions L\u00e9gales | Ecole Montessori<\/title>\n<meta name=\"robots\" content=\"index, follow, max-snippet:-1, max-image-preview:large, max-video-preview:-1\" \/>\n<link rel=\"canonical\" href=\"https:\/\/montessori.keweb.ch\/en\/mentions-legales\/\" \/>\n<meta property=\"og:locale\" content=\"en_GB\" \/>\n<meta property=\"og:type\" content=\"article\" \/>\n<meta property=\"og:title\" content=\"Mentions L\u00e9gales | Ecole Montessori\" \/>\n<meta property=\"og:description\" content=\"Mentions L\u00e9gales Propri\u00e9taire du site Internet \u00a0 Ecole Montessori l&rsquo;Etincelle Place de la Gare 11 1296 CoppetSUISSE Directrice de la publication : Mme Deventh\u00e9ryT\u00e9l\u00e9phone : 078 334 50 04\u00a0 \u00a0 R\u00e9alisation du site Internet KeWeb S\u00e0rlRue des Creusets 81950 Sion www.keweb.ch CH-626-4025583-4Adresse de contact :...\" \/>\n<meta property=\"og:url\" content=\"https:\/\/montessori.keweb.ch\/en\/mentions-legales\/\" \/>\n<meta property=\"og:site_name\" content=\"Ecole Montessori\" \/>\n<meta property=\"article:modified_time\" content=\"2026-02-16T08:04:16+00:00\" \/>\n<meta property=\"og:image\" content=\"https:\/\/montessori.keweb.ch\/wp-content\/uploads\/2025\/11\/logo-1-1-1.png\" \/>\n\t<meta property=\"og:image:width\" content=\"260\" \/>\n\t<meta property=\"og:image:height\" content=\"370\" \/>\n\t<meta property=\"og:image:type\" content=\"image\/png\" \/>\n<meta name=\"twitter:card\" content=\"summary_large_image\" \/>\n<meta name=\"twitter:label1\" content=\"Estimated reading time\" \/>\n\t<meta name=\"twitter:data1\" content=\"2 minutes\" \/>\n<script type=\"application\/ld+json\" class=\"yoast-schema-graph\">{\"@context\":\"https:\/\/schema.org\",\"@graph\":[{\"@type\":\"WebPage\",\"@id\":\"https:\/\/montessori.keweb.ch\/mentions-legales\/\",\"url\":\"https:\/\/montessori.keweb.ch\/mentions-legales\/\",\"name\":\"Mentions L\u00e9gales | Ecole Montessori\",\"isPartOf\":{\"@id\":\"https:\/\/montessori.keweb.ch\/#website\"},\"datePublished\":\"2025-11-07T15:16:33+00:00\",\"dateModified\":\"2026-02-16T08:04:16+00:00\",\"breadcrumb\":{\"@id\":\"https:\/\/montessori.keweb.ch\/mentions-legales\/#breadcrumb\"},\"inLanguage\":\"en-GB\",\"potentialAction\":[{\"@type\":\"ReadAction\",\"target\":[\"https:\/\/montessori.keweb.ch\/mentions-legales\/\"]}]},{\"@type\":\"BreadcrumbList\",\"@id\":\"https:\/\/montessori.keweb.ch\/mentions-legales\/#breadcrumb\",\"itemListElement\":[{\"@type\":\"ListItem\",\"position\":1,\"name\":\"Accueil\",\"item\":\"https:\/\/montessori.keweb.ch\/\"},{\"@type\":\"ListItem\",\"position\":2,\"name\":\"Mentions L\u00e9gales\"}]},{\"@type\":\"WebSite\",\"@id\":\"https:\/\/montessori.keweb.ch\/#website\",\"url\":\"https:\/\/montessori.keweb.ch\/\",\"name\":\"Ecole Bilingue Montessori Anglais\",\"description\":\"\",\"publisher\":{\"@id\":\"https:\/\/montessori.keweb.ch\/#organization\"},\"alternateName\":\"Ecole Bilingue Montessori Anglais\",\"potentialAction\":[{\"@type\":\"SearchAction\",\"target\":{\"@type\":\"EntryPoint\",\"urlTemplate\":\"https:\/\/montessori.keweb.ch\/?s={search_term_string}\"},\"query-input\":{\"@type\":\"PropertyValueSpecification\",\"valueRequired\":true,\"valueName\":\"search_term_string\"}}],\"inLanguage\":\"en-GB\"},{\"@type\":\"Organization\",\"@id\":\"https:\/\/montessori.keweb.ch\/#organization\",\"name\":\"Ecole Bilingue Montessori Anglais\",\"alternateName\":\"Ecole Bilingue Montessori Anglais\",\"url\":\"https:\/\/montessori.keweb.ch\/\",\"logo\":{\"@type\":\"ImageObject\",\"inLanguage\":\"en-GB\",\"@id\":\"https:\/\/montessori.keweb.ch\/#\/schema\/logo\/image\/\",\"url\":\"https:\/\/montessori.keweb.ch\/wp-content\/uploads\/2025\/10\/logo-1.png\",\"contentUrl\":\"https:\/\/montessori.keweb.ch\/wp-content\/uploads\/2025\/10\/logo-1.png\",\"width\":597,\"height\":850,\"caption\":\"Ecole Bilingue Montessori Anglais\"},\"image\":{\"@id\":\"https:\/\/montessori.keweb.ch\/#\/schema\/logo\/image\/\"}}]}<\/script>\n<!-- \/ Yoast SEO plugin. -->","yoast_head_json":{"title":"Mentions L\u00e9gales | Ecole Montessori","robots":{"index":"index","follow":"follow","max-snippet":"max-snippet:-1","max-image-preview":"max-image-preview:large","max-video-preview":"max-video-preview:-1"},"canonical":"https:\/\/montessori.keweb.ch\/en\/mentions-legales\/","og_locale":"en_GB","og_type":"article","og_title":"Mentions L\u00e9gales | Ecole Montessori","og_description":"Mentions L\u00e9gales Propri\u00e9taire du site Internet \u00a0 Ecole Montessori l&rsquo;Etincelle Place de la Gare 11 1296 CoppetSUISSE Directrice de la publication : Mme Deventh\u00e9ryT\u00e9l\u00e9phone : 078 334 50 04\u00a0 \u00a0 R\u00e9alisation du site Internet KeWeb S\u00e0rlRue des Creusets 81950 Sion www.keweb.ch CH-626-4025583-4Adresse de contact :...","og_url":"https:\/\/montessori.keweb.ch\/en\/mentions-legales\/","og_site_name":"Ecole Montessori","article_modified_time":"2026-02-16T08:04:16+00:00","og_image":[{"width":260,"height":370,"url":"https:\/\/montessori.keweb.ch\/wp-content\/uploads\/2025\/11\/logo-1-1-1.png","type":"image\/png"}],"twitter_card":"summary_large_image","twitter_misc":{"Estimated reading time":"2 minutes"},"schema":{"@context":"https:\/\/schema.org","@graph":[{"@type":"WebPage","@id":"https:\/\/montessori.keweb.ch\/mentions-legales\/","url":"https:\/\/montessori.keweb.ch\/mentions-legales\/","name":"Mentions L\u00e9gales | Ecole Montessori","isPartOf":{"@id":"https:\/\/montessori.keweb.ch\/#website"},"datePublished":"2025-11-07T15:16:33+00:00","dateModified":"2026-02-16T08:04:16+00:00","breadcrumb":{"@id":"https:\/\/montessori.keweb.ch\/mentions-legales\/#breadcrumb"},"inLanguage":"en-GB","potentialAction":[{"@type":"ReadAction","target":["https:\/\/montessori.keweb.ch\/mentions-legales\/"]}]},{"@type":"BreadcrumbList","@id":"https:\/\/montessori.keweb.ch\/mentions-legales\/#breadcrumb","itemListElement":[{"@type":"ListItem","position":1,"name":"Accueil","item":"https:\/\/montessori.keweb.ch\/"},{"@type":"ListItem","position":2,"name":"Mentions L\u00e9gales"}]},{"@type":"WebSite","@id":"https:\/\/montessori.keweb.ch\/#website","url":"https:\/\/montessori.keweb.ch\/","name":"Ecole Bilingue Montessori Anglais","description":"","publisher":{"@id":"https:\/\/montessori.keweb.ch\/#organization"},"alternateName":"Ecole Bilingue Montessori Anglais","potentialAction":[{"@type":"SearchAction","target":{"@type":"EntryPoint","urlTemplate":"https:\/\/montessori.keweb.ch\/?s={search_term_string}"},"query-input":{"@type":"PropertyValueSpecification","valueRequired":true,"valueName":"search_term_string"}}],"inLanguage":"en-GB"},{"@type":"Organization","@id":"https:\/\/montessori.keweb.ch\/#organization","name":"Ecole Bilingue Montessori Anglais","alternateName":"Ecole Bilingue Montessori Anglais","url":"https:\/\/montessori.keweb.ch\/","logo":{"@type":"ImageObject","inLanguage":"en-GB","@id":"https:\/\/montessori.keweb.ch\/#\/schema\/logo\/image\/","url":"https:\/\/montessori.keweb.ch\/wp-content\/uploads\/2025\/10\/logo-1.png","contentUrl":"https:\/\/montessori.keweb.ch\/wp-content\/uploads\/2025\/10\/logo-1.png","width":597,"height":850,"caption":"Ecole Bilingue Montessori Anglais"},"image":{"@id":"https:\/\/montessori.keweb.ch\/#\/schema\/logo\/image\/"}}]}},"_links":{"self":[{"href":"https:\/\/montessori.keweb.ch\/en\/wp-json\/wp\/v2\/pages\/1656","targetHints":{"allow":["GET"]}}],"collection":[{"href":"https:\/\/montessori.keweb.ch\/en\/wp-json\/wp\/v2\/pages"}],"about":[{"href":"https:\/\/montessori.keweb.ch\/en\/wp-json\/wp\/v2\/types\/page"}],"author":[{"embeddable":true,"href":"https:\/\/montessori.keweb.ch\/en\/wp-json\/wp\/v2\/users\/1"}],"replies":[{"embeddable":true,"href":"https:\/\/montessori.keweb.ch\/en\/wp-json\/wp\/v2\/comments?post=1656"}],"version-history":[{"count":16,"href":"https:\/\/montessori.keweb.ch\/en\/wp-json\/wp\/v2\/pages\/1656\/revisions"}],"predecessor-version":[{"id":2277,"href":"https:\/\/montessori.keweb.ch\/en\/wp-json\/wp\/v2\/pages\/1656\/revisions\/2277"}],"wp:attachment":[{"href":"https:\/\/montessori.keweb.ch\/en\/wp-json\/wp\/v2\/media?parent=1656"}],"curies":[{"name":"wp","href":"https:\/\/api.w.org\/{rel}","templated":true}]}}