{"id":1797,"date":"2025-11-15T00:21:23","date_gmt":"2025-11-15T00:21:23","guid":{"rendered":"https:\/\/montessori.keweb.ch\/?page_id=1797"},"modified":"2026-01-20T09:22:41","modified_gmt":"2026-01-20T09:22:41","slug":"job","status":"publish","type":"page","link":"https:\/\/montessori.keweb.ch\/en\/job\/","title":{"rendered":"Job"},"content":{"rendered":"<div data-elementor-type=\"wp-page\" data-elementor-id=\"1797\" class=\"elementor elementor-1797\">\n\t\t\t\t<div class=\"elementor-element elementor-element-d02e509 e-flex e-con-boxed parallax_section_no qode_elementor_container_no e-con e-parent\" data-id=\"d02e509\" data-element_type=\"container\" data-e-type=\"container\">\n\t\t\t\t\t<div class=\"e-con-inner\">\n\t\t\t\t<div class=\"elementor-element elementor-element-f44f410 elementor-widget elementor-widget-heading\" data-id=\"f44f410\" data-element_type=\"widget\" data-e-type=\"widget\" data-widget_type=\"heading.default\">\n\t\t\t\t\t<h1 class=\"elementor-heading-title elementor-size-default\">Job<\/h1>\t\t\t\t<\/div>\n\t\t\t\t<div class=\"elementor-element elementor-element-e057251 elementor-widget elementor-widget-spacer\" data-id=\"e057251\" data-element_type=\"widget\" data-e-type=\"widget\" data-widget_type=\"spacer.default\">\n\t\t\t\t\t\t\t<div class=\"elementor-spacer\">\n\t\t\t<div class=\"elementor-spacer-inner\"><\/div>\n\t\t<\/div>\n\t\t\t\t\t\t<\/div>\n\t\t\t\t\t<\/div>\n\t\t\t\t<\/div>\n\t\t<div class=\"elementor-element elementor-element-dc75c03 e-flex e-con-boxed parallax_section_no qode_elementor_container_no e-con e-parent\" data-id=\"dc75c03\" data-element_type=\"container\" data-e-type=\"container\">\n\t\t\t\t\t<div class=\"e-con-inner\">\n\t\t\t\t<div class=\"elementor-element elementor-element-68d81ed elementor-widget elementor-widget-text-editor\" data-id=\"68d81ed\" data-element_type=\"widget\" data-e-type=\"widget\" data-widget_type=\"text-editor.default\">\n\t\t\t\t\t\t\t\t\t<p><strong>Montessori l\u2019Etincelle<\/strong>\u00a0se situe a\u0300 Coppet, entre lac et montagnes, a\u0300 proximite\u0301 du centre historique du bourg, et de la ligne CFF Gene\u0300ve-Lausanne.<\/p><p>Nous accueillons des enfants de 3 \u00e0 6 ans, dans une ambiance Montessori bilingue fran\u00e7ais- anglais et suivons les recommandations de l\u2019Association Montessori Internationale, afin de faire vivre aujourd&rsquo;hui, la p\u00e9dagogie de Maria Montessori et sa vision de l\u2019\u00e9ducation.\u00a0<\/p><p><strong>Int\u00e9ress\u00e9s\u00a0par nous rejoindre ?<\/strong><\/p><p>Les candidats doivent avoir la nationalit\u00e9 suisse ou europ\u00e9enne ou un permis de travail valide. Merci d\u2019envoyer votre dossier, avec CV et lettre de motivation \u00e0 contact@montessori-etincelle.ch &#8211; Nous remercions tous les candidats pour leur int\u00e9r\u00eat et leur candidature, et nous r\u00e9pondrons uniquement aux dossiers qui n\u00e9cessitent une \u00e9tude approfondie.<\/p><hr \/><p><strong>Montessori l&rsquo;Etincelle<\/strong><\/p><p>is located in Coppet, between the lake and the mountains, near the historical center of the town and the Geneva-Lausanne train line.<\/p><p>We welcome children from 3 to 6 years old, in a bilingual French-English Montessori environment and follow the recommendations of the International Montessori Association, in order to make Maria Montessori&rsquo;s pedagogy and her vision of education come alive today.\u00a0<\/p><p>I<strong>nterested in joining us?<\/strong><\/p><p>The candidates need to have Swiss or European nationality or a valid work permit. Please send your application, including CV and cover letter, to contact@montessori- etincelle.ch. &#8211; We would like to thank all applicants for their interest and applications, and will only respond to dossiers that require in-depth study.\u00a0<\/p>\t\t\t\t\t\t\t\t<\/div>\n\t\t\t\t\t<\/div>\n\t\t\t\t<\/div>\n\t\t<div class=\"elementor-element elementor-element-19fee83 e-flex e-con-boxed parallax_section_no qode_elementor_container_no e-con e-parent\" data-id=\"19fee83\" data-element_type=\"container\" data-e-type=\"container\">\n\t\t\t\t\t<div class=\"e-con-inner\">\n\t\t\t\t<div class=\"elementor-element elementor-element-8fd98f9 elementor-widget elementor-widget-spacer\" data-id=\"8fd98f9\" data-element_type=\"widget\" data-e-type=\"widget\" data-widget_type=\"spacer.default\">\n\t\t\t\t\t\t\t<div class=\"elementor-spacer\">\n\t\t\t<div class=\"elementor-spacer-inner\"><\/div>\n\t\t<\/div>\n\t\t\t\t\t\t<\/div>\n\t\t\t\t\t<\/div>\n\t\t\t\t<\/div>\n\t\t<div class=\"elementor-element elementor-element-de7be87 e-flex e-con-boxed parallax_section_no qode_elementor_container_no e-con e-parent\" data-id=\"de7be87\" data-element_type=\"container\" data-e-type=\"container\">\n\t\t\t\t\t<div class=\"e-con-inner\">\n\t\t\t\t<div class=\"elementor-element elementor-element-212d381 elementor-widget elementor-widget-heading\" data-id=\"212d381\" data-element_type=\"widget\" data-e-type=\"widget\" data-widget_type=\"heading.default\">\n\t\t\t\t\t<h2 class=\"elementor-heading-title elementor-size-default\">Animateur parascolaire \/ After-school activity leader<\/h2>\t\t\t\t<\/div>\n\t\t\t\t<div class=\"elementor-element elementor-element-96e0cbf elementor-widget elementor-widget-text-editor\" data-id=\"96e0cbf\" data-element_type=\"widget\" data-e-type=\"widget\" data-widget_type=\"text-editor.default\">\n\t\t\t\t\t\t\t\t\t<p>Nous cherchons a\u0300 comple\u0301ter notre e\u0301quipe avec un.e collaborateur.trice dynamique, dans un esprit collaboratif et bienveillant :<\/p><p>\u00a0<\/p><p>&#8211;\u00a0<strong>Formation<\/strong>\u00a0: professionnel de l\u2019enfance (formation Montessori, ASE, CAP petite enfance, ou \u00e9quivalent)<\/p><p><br \/>&#8211;\u00a0<strong>Poste<\/strong>\u00a0: pour animer notre programme parascolaire les lundis, mardis, jeudis, vendredis de 15h \u00e0 18h et les mercredis de 12h \u00e0 18h<\/p><p><strong><br \/>&#8211; Profil\u00a0<\/strong>: nous cherchons une personne cre\u0301ative, bienveillante, a\u0300 l\u2019e\u0301coute des enfants ainsi que des adultes, avec de fortes compe\u0301tences et de l\u2019expe\u0301rience en animation (activite\u0301s de de\u0301couverte de la nature, sport, bricolage, cuisine, musique, etc.). Int\u00e9r\u00eat pour la nature un plus.<\/p><p>&#8211; Le candidat doit avoir la nationalite\u0301 suisse ou europe\u0301enne ou un permis de travail valide<\/p><p><strong><br \/>&#8211; Langues<\/strong>\u00a0: franc\u0327ais, anglais<\/p><p>\u00a0<\/p><p>&#8211;\u00a0<strong>Date d\u2019entr\u00e9e\u00a0<\/strong>: de\u0300s que possible (a\u0300 discuter)<\/p>\t\t\t\t\t\t\t\t<\/div>\n\t\t\t\t<div class=\"elementor-element elementor-element-e7b3010 elementor-widget elementor-widget-spacer\" data-id=\"e7b3010\" data-element_type=\"widget\" data-e-type=\"widget\" data-widget_type=\"spacer.default\">\n\t\t\t\t\t\t\t<div class=\"elementor-spacer\">\n\t\t\t<div class=\"elementor-spacer-inner\"><\/div>\n\t\t<\/div>\n\t\t\t\t\t\t<\/div>\n\t\t\t\t\t<\/div>\n\t\t\t\t<\/div>\n\t\t<div class=\"elementor-element elementor-element-a5aee02 e-flex e-con-boxed parallax_section_no qode_elementor_container_no e-con e-parent\" data-id=\"a5aee02\" data-element_type=\"container\" data-e-type=\"container\">\n\t\t\t\t\t<div class=\"e-con-inner\">\n\t\t\t\t<div class=\"elementor-element elementor-element-e8a9144 elementor-widget elementor-widget-heading\" data-id=\"e8a9144\" data-element_type=\"widget\" data-e-type=\"widget\" data-widget_type=\"heading.default\">\n\t\t\t\t\t<h2 class=\"elementor-heading-title elementor-size-default\">English Montessori 3-6 AMI teacher<\/h2>\t\t\t\t<\/div>\n\t\t\t\t<div class=\"elementor-element elementor-element-5add662 elementor-widget elementor-widget-text-editor\" data-id=\"5add662\" data-element_type=\"widget\" data-e-type=\"widget\" data-widget_type=\"text-editor.default\">\n\t\t\t\t\t\t\t\t\t<p><u>We are looking to complete our team<\/u>\u00a0with a dynamic teacher, in a collaborative and caring spirit:<\/p><p>\u00a0<\/p><p>&#8211;\u00a0An English Montessori 3-6 AMI teacher (preferably with English mother tongue)<\/p><p>\u00a0<\/p><p>&#8211; You are positive, a good listener, autonomous with a good sense of teamwork, motivated, enthusiastic, patient, with the ability to question yourself<\/p><p>\u00a0<\/p><p>&#8211; We also require previous experience in a Montessori school<\/p><p>\u00a0<\/p><p>&#8211; The candidate needs to have Swiss or European nationality or a valid work permit<\/p>\t\t\t\t\t\t\t\t<\/div>\n\t\t\t\t<div class=\"elementor-element elementor-element-726a7c9 elementor-widget elementor-widget-spacer\" data-id=\"726a7c9\" data-element_type=\"widget\" data-e-type=\"widget\" data-widget_type=\"spacer.default\">\n\t\t\t\t\t\t\t<div class=\"elementor-spacer\">\n\t\t\t<div class=\"elementor-spacer-inner\"><\/div>\n\t\t<\/div>\n\t\t\t\t\t\t<\/div>\n\t\t\t\t\t<\/div>\n\t\t\t\t<\/div>\n\t\t<div class=\"elementor-element elementor-element-89c3b6f e-flex e-con-boxed parallax_section_no qode_elementor_container_no e-con e-parent\" data-id=\"89c3b6f\" data-element_type=\"container\" data-e-type=\"container\">\n\t\t\t\t\t<div class=\"e-con-inner\">\n\t\t\t\t<div class=\"elementor-element elementor-element-3b688ca elementor-widget elementor-widget-heading\" data-id=\"3b688ca\" data-element_type=\"widget\" data-e-type=\"widget\" data-widget_type=\"heading.default\">\n\t\t\t\t\t<h2 class=\"elementor-heading-title elementor-size-default\">Assistante ou assistant Montessori AMI<\/h2>\t\t\t\t<\/div>\n\t\t\t\t<div class=\"elementor-element elementor-element-33a69d0 elementor-widget elementor-widget-text-editor\" data-id=\"33a69d0\" data-element_type=\"widget\" data-e-type=\"widget\" data-widget_type=\"text-editor.default\">\n\t\t\t\t\t\t\t\t\t<p>Nous cherchons \u00e0 compl\u00e9ter notre \u00e9quipe avec une personne dynamique, dans un esprit d\u2019e\u0301quipe, collaboratif et bienveillant :<\/p><p><br \/>&#8211; Formation : assistant Montessori AMI pour les enfants de 3 a\u0300 6 ans ou e\u0301quivalent<\/p><p><br \/>&#8211; Nous cherchons une personne organise\u0301e, avec une bonne capacite\u0301 d\u2019adaptation, un fort esprit d\u2019e\u0301quipe afin de collaborer avec nos e\u0301ducatrices en classe, ainsi qu\u2019avec le reste de l\u2019e\u0301quipe de l\u2019e\u0301cole. Cette personne sera cre\u0301ative, flexible et bienveillante, elle saura prendre des initiatives tout en demeurant a\u0300 l\u2019e\u0301coute des enfants et des adultes. Nous demandons e\u0301galement une expe\u0301rience pre\u0301alable dans une e\u0301cole Montessori.<\/p><p><br \/>&#8211; Langues : fran\u00e7ais et\/ou anglais<\/p><p><br \/>&#8211; N\u00e9cessit\u00e9 d\u2019avoir la nationalit\u00e9 suisse ou europ\u00e9enne ou un permis de travail valide<\/p><p><br \/>&#8211; Date d\u2019entr\u00e9e : \u00e0 discuter<\/p>\t\t\t\t\t\t\t\t<\/div>\n\t\t\t\t<div class=\"elementor-element elementor-element-05499a1 elementor-widget elementor-widget-spacer\" data-id=\"05499a1\" data-element_type=\"widget\" data-e-type=\"widget\" data-widget_type=\"spacer.default\">\n\t\t\t\t\t\t\t<div class=\"elementor-spacer\">\n\t\t\t<div class=\"elementor-spacer-inner\"><\/div>\n\t\t<\/div>\n\t\t\t\t\t\t<\/div>\n\t\t\t\t\t<\/div>\n\t\t\t\t<\/div>\n\t\t<div class=\"elementor-element elementor-element-f45fccd e-flex e-con-boxed parallax_section_no qode_elementor_container_no e-con e-parent\" data-id=\"f45fccd\" data-element_type=\"container\" data-e-type=\"container\">\n\t\t\t\t\t<div class=\"e-con-inner\">\n\t\t\t\t<div class=\"elementor-element elementor-element-c1473e3 elementor-widget elementor-widget-heading\" data-id=\"c1473e3\" data-element_type=\"widget\" data-e-type=\"widget\" data-widget_type=\"heading.default\">\n\t\t\t\t\t<h2 class=\"elementor-heading-title elementor-size-default\">Candidature spontan\u00e9e<\/h2>\t\t\t\t<\/div>\n\t\t\t\t<div class=\"elementor-element elementor-element-c8676bf elementor-widget elementor-widget-text-editor\" data-id=\"c8676bf\" data-element_type=\"widget\" data-e-type=\"widget\" data-widget_type=\"text-editor.default\">\n\t\t\t\t\t\t\t\t\t<p>Vous pouvez envoyer votre dossier pour les postes suivants :<br \/><br \/><\/p><ul><li>English Montessori 3-6 AMI teacher<\/li><li>Enseignant.e Montessori francophone 3-6 AMI<\/li><li>English Montessori 3-6 AMI assistant<\/li><li>Assistant.e Montessori francophone 3-6 AMI<\/li><li>Animateur parascolaire<\/li><li>Remplacements<\/li><\/ul><p>\u00a0<\/p><p>Veuillez noter que si vous ne recevez pas de r\u00e9ponse de notre part, cela signifie que votre dossier n&rsquo;a pas \u00e9t\u00e9 retenu.<\/p>\t\t\t\t\t\t\t\t<\/div>\n\t\t\t\t<div class=\"elementor-element elementor-element-0830b20 elementor-widget elementor-widget-spacer\" data-id=\"0830b20\" data-element_type=\"widget\" data-e-type=\"widget\" data-widget_type=\"spacer.default\">\n\t\t\t\t\t\t\t<div class=\"elementor-spacer\">\n\t\t\t<div class=\"elementor-spacer-inner\"><\/div>\n\t\t<\/div>\n\t\t\t\t\t\t<\/div>\n\t\t\t\t\t<\/div>\n\t\t\t\t<\/div>\n\t\t<div class=\"elementor-element elementor-element-a96aed1 e-flex e-con-boxed parallax_section_no qode_elementor_container_no e-con e-parent\" data-id=\"a96aed1\" data-element_type=\"container\" data-e-type=\"container\">\n\t\t\t\t\t<div class=\"e-con-inner\">\n\t\t\t\t<div class=\"elementor-element elementor-element-af01425 elementor-widget elementor-widget-heading\" data-id=\"af01425\" data-element_type=\"widget\" data-e-type=\"widget\" data-widget_type=\"heading.default\">\n\t\t\t\t\t<h2 class=\"elementor-heading-title elementor-size-default\">Spontaneous applications<\/h2>\t\t\t\t<\/div>\n\t\t\t\t<div class=\"elementor-element elementor-element-510ca2a elementor-widget elementor-widget-text-editor\" data-id=\"510ca2a\" data-element_type=\"widget\" data-e-type=\"widget\" data-widget_type=\"text-editor.default\">\n\t\t\t\t\t\t\t\t\t<p>You can send your CV for the following jobs:<\/p><p>\u00a0<\/p><ul><li>English Montessori 3-6 AMI teacher<\/li><li>Enseignant.e Montessori francophone 3-6 AMI<\/li><li>English Montessori 3-6 AMI assistant<\/li><li>Assistant.e Montessori francophone 3-6 AMI<\/li><li>After school animator<\/li><li>Replacements<\/li><\/ul><p>\u00a0<\/p><p>Please note that if you do not receive a feed-back from us, it means that we cannot give a positive answer to your application.<\/p>\t\t\t\t\t\t\t\t<\/div>\n\t\t\t\t\t<\/div>\n\t\t\t\t<\/div>\n\t\t\t\t<\/div>","protected":false},"excerpt":{"rendered":"<p>Job Montessori l\u2019Etincelle\u00a0se situe a\u0300 Coppet, entre lac et montagnes, a\u0300 proximite\u0301 du centre historique du bourg, et de la ligne CFF Gene\u0300ve-Lausanne. Nous accueillons des enfants de 3 \u00e0 6 ans, dans une ambiance Montessori bilingue fran\u00e7ais- anglais et suivons les recommandations de l\u2019Association&#8230;<\/p>","protected":false},"author":1,"featured_media":0,"parent":0,"menu_order":0,"comment_status":"closed","ping_status":"closed","template":"","meta":{"footnotes":""},"class_list":["post-1797","page","type-page","status-publish","hentry"],"yoast_head":"<!-- This site is optimized with the Yoast SEO plugin v26.9 - https:\/\/yoast.com\/product\/yoast-seo-wordpress\/ -->\n<title>Job | Ecole Montessori<\/title>\n<meta name=\"robots\" content=\"index, follow, max-snippet:-1, max-image-preview:large, max-video-preview:-1\" \/>\n<link rel=\"canonical\" href=\"https:\/\/montessori.keweb.ch\/en\/job\/\" \/>\n<meta property=\"og:locale\" content=\"en_GB\" \/>\n<meta property=\"og:type\" content=\"article\" \/>\n<meta property=\"og:title\" content=\"Job | Ecole Montessori\" \/>\n<meta property=\"og:description\" content=\"Job Montessori l\u2019Etincelle\u00a0se situe a\u0300 Coppet, entre lac et montagnes, a\u0300 proximite\u0301 du centre historique du bourg, et de la ligne CFF Gene\u0300ve-Lausanne. Nous accueillons des enfants de 3 \u00e0 6 ans, dans une ambiance Montessori bilingue fran\u00e7ais- anglais et suivons les recommandations de l\u2019Association...\" \/>\n<meta property=\"og:url\" content=\"https:\/\/montessori.keweb.ch\/en\/job\/\" \/>\n<meta property=\"og:site_name\" content=\"Ecole Montessori\" \/>\n<meta property=\"article:modified_time\" content=\"2026-01-20T09:22:41+00:00\" \/>\n<meta property=\"og:image\" content=\"https:\/\/montessori.keweb.ch\/wp-content\/uploads\/2025\/11\/logo-1-1-1.png\" \/>\n\t<meta property=\"og:image:width\" content=\"260\" \/>\n\t<meta property=\"og:image:height\" content=\"370\" \/>\n\t<meta property=\"og:image:type\" content=\"image\/png\" \/>\n<meta name=\"twitter:card\" content=\"summary_large_image\" \/>\n<meta name=\"twitter:label1\" content=\"Estimated reading time\" \/>\n\t<meta name=\"twitter:data1\" content=\"4 minutes\" \/>\n<script type=\"application\/ld+json\" class=\"yoast-schema-graph\">{\"@context\":\"https:\/\/schema.org\",\"@graph\":[{\"@type\":\"WebPage\",\"@id\":\"https:\/\/montessori.keweb.ch\/job\/\",\"url\":\"https:\/\/montessori.keweb.ch\/job\/\",\"name\":\"Job | Ecole Montessori\",\"isPartOf\":{\"@id\":\"https:\/\/montessori.keweb.ch\/#website\"},\"datePublished\":\"2025-11-15T00:21:23+00:00\",\"dateModified\":\"2026-01-20T09:22:41+00:00\",\"breadcrumb\":{\"@id\":\"https:\/\/montessori.keweb.ch\/job\/#breadcrumb\"},\"inLanguage\":\"en-GB\",\"potentialAction\":[{\"@type\":\"ReadAction\",\"target\":[\"https:\/\/montessori.keweb.ch\/job\/\"]}]},{\"@type\":\"BreadcrumbList\",\"@id\":\"https:\/\/montessori.keweb.ch\/job\/#breadcrumb\",\"itemListElement\":[{\"@type\":\"ListItem\",\"position\":1,\"name\":\"Accueil\",\"item\":\"https:\/\/montessori.keweb.ch\/\"},{\"@type\":\"ListItem\",\"position\":2,\"name\":\"Job\"}]},{\"@type\":\"WebSite\",\"@id\":\"https:\/\/montessori.keweb.ch\/#website\",\"url\":\"https:\/\/montessori.keweb.ch\/\",\"name\":\"Ecole Bilingue Montessori Anglais\",\"description\":\"\",\"publisher\":{\"@id\":\"https:\/\/montessori.keweb.ch\/#organization\"},\"alternateName\":\"Ecole Bilingue Montessori Anglais\",\"potentialAction\":[{\"@type\":\"SearchAction\",\"target\":{\"@type\":\"EntryPoint\",\"urlTemplate\":\"https:\/\/montessori.keweb.ch\/?s={search_term_string}\"},\"query-input\":{\"@type\":\"PropertyValueSpecification\",\"valueRequired\":true,\"valueName\":\"search_term_string\"}}],\"inLanguage\":\"en-GB\"},{\"@type\":\"Organization\",\"@id\":\"https:\/\/montessori.keweb.ch\/#organization\",\"name\":\"Ecole Bilingue Montessori Anglais\",\"alternateName\":\"Ecole Bilingue Montessori Anglais\",\"url\":\"https:\/\/montessori.keweb.ch\/\",\"logo\":{\"@type\":\"ImageObject\",\"inLanguage\":\"en-GB\",\"@id\":\"https:\/\/montessori.keweb.ch\/#\/schema\/logo\/image\/\",\"url\":\"https:\/\/montessori.keweb.ch\/wp-content\/uploads\/2025\/10\/logo-1.png\",\"contentUrl\":\"https:\/\/montessori.keweb.ch\/wp-content\/uploads\/2025\/10\/logo-1.png\",\"width\":597,\"height\":850,\"caption\":\"Ecole Bilingue Montessori Anglais\"},\"image\":{\"@id\":\"https:\/\/montessori.keweb.ch\/#\/schema\/logo\/image\/\"}}]}<\/script>\n<!-- \/ Yoast SEO plugin. -->","yoast_head_json":{"title":"Job | Ecole Montessori","robots":{"index":"index","follow":"follow","max-snippet":"max-snippet:-1","max-image-preview":"max-image-preview:large","max-video-preview":"max-video-preview:-1"},"canonical":"https:\/\/montessori.keweb.ch\/en\/job\/","og_locale":"en_GB","og_type":"article","og_title":"Job | Ecole Montessori","og_description":"Job Montessori l\u2019Etincelle\u00a0se situe a\u0300 Coppet, entre lac et montagnes, a\u0300 proximite\u0301 du centre historique du bourg, et de la ligne CFF Gene\u0300ve-Lausanne. Nous accueillons des enfants de 3 \u00e0 6 ans, dans une ambiance Montessori bilingue fran\u00e7ais- anglais et suivons les recommandations de l\u2019Association...","og_url":"https:\/\/montessori.keweb.ch\/en\/job\/","og_site_name":"Ecole Montessori","article_modified_time":"2026-01-20T09:22:41+00:00","og_image":[{"width":260,"height":370,"url":"https:\/\/montessori.keweb.ch\/wp-content\/uploads\/2025\/11\/logo-1-1-1.png","type":"image\/png"}],"twitter_card":"summary_large_image","twitter_misc":{"Estimated reading time":"4 minutes"},"schema":{"@context":"https:\/\/schema.org","@graph":[{"@type":"WebPage","@id":"https:\/\/montessori.keweb.ch\/job\/","url":"https:\/\/montessori.keweb.ch\/job\/","name":"Job | Ecole Montessori","isPartOf":{"@id":"https:\/\/montessori.keweb.ch\/#website"},"datePublished":"2025-11-15T00:21:23+00:00","dateModified":"2026-01-20T09:22:41+00:00","breadcrumb":{"@id":"https:\/\/montessori.keweb.ch\/job\/#breadcrumb"},"inLanguage":"en-GB","potentialAction":[{"@type":"ReadAction","target":["https:\/\/montessori.keweb.ch\/job\/"]}]},{"@type":"BreadcrumbList","@id":"https:\/\/montessori.keweb.ch\/job\/#breadcrumb","itemListElement":[{"@type":"ListItem","position":1,"name":"Accueil","item":"https:\/\/montessori.keweb.ch\/"},{"@type":"ListItem","position":2,"name":"Job"}]},{"@type":"WebSite","@id":"https:\/\/montessori.keweb.ch\/#website","url":"https:\/\/montessori.keweb.ch\/","name":"Ecole Bilingue Montessori Anglais","description":"","publisher":{"@id":"https:\/\/montessori.keweb.ch\/#organization"},"alternateName":"Ecole Bilingue Montessori Anglais","potentialAction":[{"@type":"SearchAction","target":{"@type":"EntryPoint","urlTemplate":"https:\/\/montessori.keweb.ch\/?s={search_term_string}"},"query-input":{"@type":"PropertyValueSpecification","valueRequired":true,"valueName":"search_term_string"}}],"inLanguage":"en-GB"},{"@type":"Organization","@id":"https:\/\/montessori.keweb.ch\/#organization","name":"Ecole Bilingue Montessori Anglais","alternateName":"Ecole Bilingue Montessori Anglais","url":"https:\/\/montessori.keweb.ch\/","logo":{"@type":"ImageObject","inLanguage":"en-GB","@id":"https:\/\/montessori.keweb.ch\/#\/schema\/logo\/image\/","url":"https:\/\/montessori.keweb.ch\/wp-content\/uploads\/2025\/10\/logo-1.png","contentUrl":"https:\/\/montessori.keweb.ch\/wp-content\/uploads\/2025\/10\/logo-1.png","width":597,"height":850,"caption":"Ecole Bilingue Montessori Anglais"},"image":{"@id":"https:\/\/montessori.keweb.ch\/#\/schema\/logo\/image\/"}}]}},"_links":{"self":[{"href":"https:\/\/montessori.keweb.ch\/en\/wp-json\/wp\/v2\/pages\/1797","targetHints":{"allow":["GET"]}}],"collection":[{"href":"https:\/\/montessori.keweb.ch\/en\/wp-json\/wp\/v2\/pages"}],"about":[{"href":"https:\/\/montessori.keweb.ch\/en\/wp-json\/wp\/v2\/types\/page"}],"author":[{"embeddable":true,"href":"https:\/\/montessori.keweb.ch\/en\/wp-json\/wp\/v2\/users\/1"}],"replies":[{"embeddable":true,"href":"https:\/\/montessori.keweb.ch\/en\/wp-json\/wp\/v2\/comments?post=1797"}],"version-history":[{"count":25,"href":"https:\/\/montessori.keweb.ch\/en\/wp-json\/wp\/v2\/pages\/1797\/revisions"}],"predecessor-version":[{"id":2216,"href":"https:\/\/montessori.keweb.ch\/en\/wp-json\/wp\/v2\/pages\/1797\/revisions\/2216"}],"wp:attachment":[{"href":"https:\/\/montessori.keweb.ch\/en\/wp-json\/wp\/v2\/media?parent=1797"}],"curies":[{"name":"wp","href":"https:\/\/api.w.org\/{rel}","templated":true}]}}