{"id":1820,"date":"2025-11-15T00:31:46","date_gmt":"2025-11-15T00:31:46","guid":{"rendered":"https:\/\/montessori.keweb.ch\/?page_id=1820"},"modified":"2026-01-19T10:03:10","modified_gmt":"2026-01-19T10:03:10","slug":"ecole-coppet","status":"publish","type":"page","link":"https:\/\/montessori.keweb.ch\/en\/ecole-coppet\/","title":{"rendered":"L&rsquo;Etincelle"},"content":{"rendered":"<div data-elementor-type=\"wp-page\" data-elementor-id=\"1820\" class=\"elementor elementor-1820\">\n\t\t\t\t<div class=\"elementor-element elementor-element-dbc9412 e-flex e-con-boxed parallax_section_no qode_elementor_container_no e-con e-parent\" data-id=\"dbc9412\" data-element_type=\"container\" data-e-type=\"container\">\n\t\t\t\t\t<div class=\"e-con-inner\">\n\t\t\t\t<div class=\"elementor-element elementor-element-7ff17e2 elementor-widget elementor-widget-heading\" data-id=\"7ff17e2\" data-element_type=\"widget\" data-e-type=\"widget\" data-widget_type=\"heading.default\">\n\t\t\t\t\t<h1 class=\"elementor-heading-title elementor-size-default\">Ecole Montessori l'Etincelle bilingue fran\u00e7ais-anglais<\/h1>\t\t\t\t<\/div>\n\t\t\t\t\t<\/div>\n\t\t\t\t<\/div>\n\t\t<div class=\"elementor-element elementor-element-6ec68a2 e-flex e-con-boxed parallax_section_no qode_elementor_container_no e-con e-parent\" data-id=\"6ec68a2\" data-element_type=\"container\" data-e-type=\"container\">\n\t\t\t\t\t<div class=\"e-con-inner\">\n\t\t<div class=\"elementor-element elementor-element-18d2830 e-con-full e-flex parallax_section_no qode_elementor_container_no e-con e-child\" data-id=\"18d2830\" data-element_type=\"container\" data-e-type=\"container\">\n\t\t\t\t<div class=\"elementor-element elementor-element-c4cf3f0 elementor-widget elementor-widget-text-editor\" data-id=\"c4cf3f0\" data-element_type=\"widget\" data-e-type=\"widget\" data-widget_type=\"text-editor.default\">\n\t\t\t\t\t\t\t\t\t<p><strong>Notre mission<\/strong>\u00a0est d\u2019offrir une \u00e9ducation de qualit\u00e9, bas\u00e9e sur la p\u00e9dagogie Montessori et bilingue fran\u00e7ais\/anglais, \u00e0 des enfants d\u2019\u00e2ge pr\u00e9scolaire et primaire\u00a0: entre 3 et 6 ans ; ainsi que d\u2019accueillir et collaborer avec leurs familles pour un suivi global de chaque enfant.<\/p><p>\u00a0<\/p><p>La p\u00e9dagogie de Maria Montessori (1870-1952) a pour objectif de permettre \u00e0 chaque enfant de d\u00e9velopper au mieux son potentiel, afin de devenir un adulte \u00e9quilibr\u00e9, responsable, et capable de s\u2019adapter et de collaborer de mani\u00e8re constructive et harmonieuse \u00e0 une soci\u00e9t\u00e9 plus durable.<\/p><p>\u00a0<\/p><p>Chaque enfant est suivi de mani\u00e8re individuelle en fonction de ses besoins, int\u00e9r\u00eats et sp\u00e9cificit\u00e9s. Cette approche repose sur des valeurs de bienveillance, de respect, d\u2019\u00e9coute, de collaboration, de co\u00e9ducation, d\u2019excellence et cherche \u00e0 d\u00e9velopper l\u2019estime de soi, la confiance, l\u2019ind\u00e9pendance de l\u2019enfant, ainsi que sa capacit\u00e9 \u00e0 collaborer en groupe et cr\u00e9er des liens avec les autres.<\/p><p>\u00a0<\/p><p><strong>L&rsquo;\u00e9quipe \u00e9ducative<\/strong>\u00a0est constitu\u00e9e d&rsquo;\u00e9ducateurs form\u00e9s \u00e0 la p\u00e9dagogie Montessori, avec des dipl\u00f4mes reconnus par l&rsquo;Association Montessori (Suisse). La fondatrice, Corine Devanth\u00e9ry (MAs SHS) est \u00e9ducatrice Montessori pour les enfants de 3 \u00e0 6 ans. Passionn\u00e9e par l\u2019id\u00e9e que l\u2019\u00e9ducation puisse guider l\u2019enfant vers la r\u00e9alisation de son meilleur potentiel et de son \u00e9panouissement dans la soci\u00e9t\u00e9, elle met toute son attention et son empathie au service des enfants et de leur famille. D\u2019abord active dans le domaine de la communication pour des organisations internationales tel que l&rsquo;ONU, puis enseignante, elle a ensuite occup\u00e9 un poste de Directrice administrative d&rsquo;une \u00e9cole Montessori bilingue. Elle a \u00e9galement \u00e9t\u00e9 membre du Comit\u00e9 de l\u2019Association Montessori (Suisse), ce qui lui a permis d\u2019acqu\u00e9rir toute l\u2019exp\u00e9rience du domaine.<\/p><p>\u00a0<\/p><p>Situ\u00e9e \u00e0 Coppet, Montessori l&rsquo;Etincelle, entre lac et montagne, se trouve \u00e0 proximit\u00e9 du Ch\u00e2teau de Coppet, du centre du bourg et de la gare CFF. L&rsquo;acc\u00e8s \u00e0 la nature est \u00e9galement tr\u00e8s proche. L&rsquo;\u00e9cole est sans confession religieuse, ni politique.<\/p>\t\t\t\t\t\t\t\t<\/div>\n\t\t\t\t<div class=\"elementor-element elementor-element-fcfe837 elementor-widget elementor-widget-text-editor\" data-id=\"fcfe837\" data-element_type=\"widget\" data-e-type=\"widget\" data-widget_type=\"text-editor.default\">\n\t\t\t\t\t\t\t\t\t<ul class=\"image-block-list\"><li><a href=\"https:\/\/www.montessori-etincelle.ch\/ecole-coppet\/#link1\">P\u00e9dagogie Montessori : enfants de 3 \u00e0 6 ans<\/a><\/li><li><a href=\"https:\/\/www.montessori-etincelle.ch\/ecole-coppet\/#link2\">Bilingue fran\u00e7ais\/anglais<\/a><\/li><li><a href=\"https:\/\/www.montessori-etincelle.ch\/ecole-coppet\/#link1\">Ouvert tous les jours jusqu&rsquo;\u00e0 18h<\/a><\/li><li><a href=\"https:\/\/www.montessori-etincelle.ch\/ecole-coppet\/#link1\">Parascolaire ouvert aux enfants externes<\/a><\/li><li><a href=\"https:\/\/www.montessori-etincelle.ch\/ecole-coppet\/#link1\">Petite structure avec ambiance familiale<\/a><\/li><li><a href=\"https:\/\/www.montessori-etincelle.ch\/ecole-coppet\/#link1\">Compatible enseignement \u00e0 distance<\/a><\/li><li><a href=\"https:\/\/www.montessori-etincelle.ch\/ecole-coppet\/#link1\">Les inscriptions sont ouvertes toute l&rsquo;ann\u00e9e<\/a><\/li><li><a href=\"https:\/\/www.montessori-etincelle.ch\/ecole-coppet\/#link1\">Coppet &#8211; Terre Sainte<\/a><\/li><\/ul>\t\t\t\t\t\t\t\t<\/div>\n\t\t\t\t<div class=\"elementor-element elementor-element-8fee443 elementor-widget elementor-widget-button\" data-id=\"8fee443\" data-element_type=\"widget\" data-e-type=\"widget\" data-widget_type=\"button.default\">\n\t\t\t\t\t\t\t\t\t\t<a class=\"elementor-button elementor-button-link elementor-size-sm\" href=\"https:\/\/www.montessori-etincelle.ch\/inscription\/\">\n\t\t\t\t\t\t<span class=\"elementor-button-content-wrapper\">\n\t\t\t\t\t\t\t\t\t<span class=\"elementor-button-text\">INSCRIPTION<\/span>\n\t\t\t\t\t<\/span>\n\t\t\t\t\t<\/a>\n\t\t\t\t\t\t\t\t<\/div>\n\t\t\t\t<\/div>\n\t\t<div class=\"elementor-element elementor-element-1ce704d e-con-full e-flex parallax_section_no qode_elementor_container_no e-con e-child\" data-id=\"1ce704d\" data-element_type=\"container\" data-e-type=\"container\">\n\t\t\t\t<div class=\"elementor-element elementor-element-862562b elementor-widget elementor-widget-image\" data-id=\"862562b\" data-element_type=\"widget\" data-e-type=\"widget\" data-widget_type=\"image.default\">\n\t\t\t\t\t\t\t\t\t\t\t\t\t\t\t<img fetchpriority=\"high\" decoding=\"async\" width=\"354\" height=\"1024\" src=\"https:\/\/montessori.keweb.ch\/wp-content\/uploads\/2025\/11\/TourRose_2-5ans400-1-354x1024.jpg\" class=\"attachment-large size-large wp-image-1822\" alt=\"\" srcset=\"https:\/\/montessori.keweb.ch\/wp-content\/uploads\/2025\/11\/TourRose_2-5ans400-1-354x1024.jpg 354w, https:\/\/montessori.keweb.ch\/wp-content\/uploads\/2025\/11\/TourRose_2-5ans400-1-104x300.jpg 104w, https:\/\/montessori.keweb.ch\/wp-content\/uploads\/2025\/11\/TourRose_2-5ans400-1-4x12.jpg 4w, https:\/\/montessori.keweb.ch\/wp-content\/uploads\/2025\/11\/TourRose_2-5ans400-1.jpg 400w\" sizes=\"(max-width: 354px) 100vw, 354px\" \/>\t\t\t\t\t\t\t\t\t\t\t\t\t\t\t<\/div>\n\t\t\t\t<\/div>\n\t\t\t\t\t<\/div>\n\t\t\t\t<\/div>\n\t\t\t\t<\/div>","protected":false},"excerpt":{"rendered":"<p>Ecole Montessori l&rsquo;Etincelle bilingue fran\u00e7ais-anglais Notre mission\u00a0est d\u2019offrir une \u00e9ducation de qualit\u00e9, bas\u00e9e sur la p\u00e9dagogie Montessori et bilingue fran\u00e7ais\/anglais, \u00e0 des enfants d\u2019\u00e2ge pr\u00e9scolaire et primaire\u00a0: entre 3 et 6 ans ; ainsi que d\u2019accueillir et collaborer avec leurs familles pour un suivi global&#8230;<\/p>","protected":false},"author":1,"featured_media":0,"parent":0,"menu_order":0,"comment_status":"closed","ping_status":"closed","template":"","meta":{"footnotes":""},"class_list":["post-1820","page","type-page","status-publish","hentry"],"yoast_head":"<!-- This site is optimized with the Yoast SEO plugin v26.9 - https:\/\/yoast.com\/product\/yoast-seo-wordpress\/ -->\n<title>Ecole Coppet | Montessori l&#039;Etincelle | Coppet - Suisse |<\/title>\n<meta name=\"description\" content=\"Ecole Coppet enseignement est bas\u00e9 sur la p\u00e9dagogie , \u00e9ducatif suisse , \u00e9cole bilingue bas\u00e9e \u00e0 Coppet en Suisse . Ecole Coppet Enseigement Suisse .\" \/>\n<meta name=\"robots\" content=\"index, follow, max-snippet:-1, max-image-preview:large, max-video-preview:-1\" \/>\n<link rel=\"canonical\" href=\"https:\/\/montessori.keweb.ch\/en\/ecole-coppet\/\" \/>\n<meta property=\"og:locale\" content=\"en_GB\" \/>\n<meta property=\"og:type\" content=\"article\" \/>\n<meta property=\"og:title\" content=\"Ecole Coppet | Montessori l&#039;Etincelle | Coppet - Suisse |\" \/>\n<meta property=\"og:description\" content=\"Ecole Coppet enseignement est bas\u00e9 sur la p\u00e9dagogie , \u00e9ducatif suisse , \u00e9cole bilingue bas\u00e9e \u00e0 Coppet en Suisse . Ecole Coppet Enseigement Suisse .\" \/>\n<meta property=\"og:url\" content=\"https:\/\/montessori.keweb.ch\/en\/ecole-coppet\/\" \/>\n<meta property=\"og:site_name\" content=\"Ecole Montessori\" \/>\n<meta property=\"article:modified_time\" content=\"2026-01-19T10:03:10+00:00\" \/>\n<meta property=\"og:image\" content=\"https:\/\/montessori.keweb.ch\/wp-content\/uploads\/2025\/11\/TourRose_2-5ans400-1.jpg\" \/>\n\t<meta property=\"og:image:width\" content=\"400\" \/>\n\t<meta property=\"og:image:height\" content=\"1157\" \/>\n\t<meta property=\"og:image:type\" content=\"image\/jpeg\" \/>\n<meta name=\"twitter:card\" content=\"summary_large_image\" \/>\n<meta name=\"twitter:label1\" content=\"Estimated reading time\" \/>\n\t<meta name=\"twitter:data1\" content=\"2 minutes\" \/>\n<script type=\"application\/ld+json\" class=\"yoast-schema-graph\">{\"@context\":\"https:\/\/schema.org\",\"@graph\":[{\"@type\":\"WebPage\",\"@id\":\"https:\/\/montessori.keweb.ch\/ecole-coppet\/\",\"url\":\"https:\/\/montessori.keweb.ch\/ecole-coppet\/\",\"name\":\"Ecole Coppet | Montessori l'Etincelle | Coppet - Suisse |\",\"isPartOf\":{\"@id\":\"https:\/\/montessori.keweb.ch\/#website\"},\"primaryImageOfPage\":{\"@id\":\"https:\/\/montessori.keweb.ch\/ecole-coppet\/#primaryimage\"},\"image\":{\"@id\":\"https:\/\/montessori.keweb.ch\/ecole-coppet\/#primaryimage\"},\"thumbnailUrl\":\"https:\/\/montessori.keweb.ch\/wp-content\/uploads\/2025\/11\/TourRose_2-5ans400-1-354x1024.jpg\",\"datePublished\":\"2025-11-15T00:31:46+00:00\",\"dateModified\":\"2026-01-19T10:03:10+00:00\",\"description\":\"Ecole Coppet enseignement est bas\u00e9 sur la p\u00e9dagogie , \u00e9ducatif suisse , \u00e9cole bilingue bas\u00e9e \u00e0 Coppet en Suisse . Ecole Coppet Enseigement Suisse .\",\"breadcrumb\":{\"@id\":\"https:\/\/montessori.keweb.ch\/ecole-coppet\/#breadcrumb\"},\"inLanguage\":\"en-GB\",\"potentialAction\":[{\"@type\":\"ReadAction\",\"target\":[\"https:\/\/montessori.keweb.ch\/ecole-coppet\/\"]}]},{\"@type\":\"ImageObject\",\"inLanguage\":\"en-GB\",\"@id\":\"https:\/\/montessori.keweb.ch\/ecole-coppet\/#primaryimage\",\"url\":\"https:\/\/montessori.keweb.ch\/wp-content\/uploads\/2025\/11\/TourRose_2-5ans400-1-354x1024.jpg\",\"contentUrl\":\"https:\/\/montessori.keweb.ch\/wp-content\/uploads\/2025\/11\/TourRose_2-5ans400-1-354x1024.jpg\"},{\"@type\":\"BreadcrumbList\",\"@id\":\"https:\/\/montessori.keweb.ch\/ecole-coppet\/#breadcrumb\",\"itemListElement\":[{\"@type\":\"ListItem\",\"position\":1,\"name\":\"Accueil\",\"item\":\"https:\/\/montessori.keweb.ch\/\"},{\"@type\":\"ListItem\",\"position\":2,\"name\":\"L&rsquo;Etincelle\"}]},{\"@type\":\"WebSite\",\"@id\":\"https:\/\/montessori.keweb.ch\/#website\",\"url\":\"https:\/\/montessori.keweb.ch\/\",\"name\":\"Ecole Bilingue Montessori Anglais\",\"description\":\"\",\"publisher\":{\"@id\":\"https:\/\/montessori.keweb.ch\/#organization\"},\"alternateName\":\"Ecole Bilingue Montessori Anglais\",\"potentialAction\":[{\"@type\":\"SearchAction\",\"target\":{\"@type\":\"EntryPoint\",\"urlTemplate\":\"https:\/\/montessori.keweb.ch\/?s={search_term_string}\"},\"query-input\":{\"@type\":\"PropertyValueSpecification\",\"valueRequired\":true,\"valueName\":\"search_term_string\"}}],\"inLanguage\":\"en-GB\"},{\"@type\":\"Organization\",\"@id\":\"https:\/\/montessori.keweb.ch\/#organization\",\"name\":\"Ecole Bilingue Montessori Anglais\",\"alternateName\":\"Ecole Bilingue Montessori Anglais\",\"url\":\"https:\/\/montessori.keweb.ch\/\",\"logo\":{\"@type\":\"ImageObject\",\"inLanguage\":\"en-GB\",\"@id\":\"https:\/\/montessori.keweb.ch\/#\/schema\/logo\/image\/\",\"url\":\"https:\/\/montessori.keweb.ch\/wp-content\/uploads\/2025\/10\/logo-1.png\",\"contentUrl\":\"https:\/\/montessori.keweb.ch\/wp-content\/uploads\/2025\/10\/logo-1.png\",\"width\":597,\"height\":850,\"caption\":\"Ecole Bilingue Montessori Anglais\"},\"image\":{\"@id\":\"https:\/\/montessori.keweb.ch\/#\/schema\/logo\/image\/\"}}]}<\/script>\n<!-- \/ Yoast SEO plugin. -->","yoast_head_json":{"title":"Ecole Coppet | Montessori l'Etincelle | Coppet - Suisse |","description":"Ecole Coppet enseignement est bas\u00e9 sur la p\u00e9dagogie , \u00e9ducatif suisse , \u00e9cole bilingue bas\u00e9e \u00e0 Coppet en Suisse . Ecole Coppet Enseigement Suisse .","robots":{"index":"index","follow":"follow","max-snippet":"max-snippet:-1","max-image-preview":"max-image-preview:large","max-video-preview":"max-video-preview:-1"},"canonical":"https:\/\/montessori.keweb.ch\/en\/ecole-coppet\/","og_locale":"en_GB","og_type":"article","og_title":"Ecole Coppet | Montessori l'Etincelle | Coppet - Suisse |","og_description":"Ecole Coppet enseignement est bas\u00e9 sur la p\u00e9dagogie , \u00e9ducatif suisse , \u00e9cole bilingue bas\u00e9e \u00e0 Coppet en Suisse . Ecole Coppet Enseigement Suisse .","og_url":"https:\/\/montessori.keweb.ch\/en\/ecole-coppet\/","og_site_name":"Ecole Montessori","article_modified_time":"2026-01-19T10:03:10+00:00","og_image":[{"width":400,"height":1157,"url":"https:\/\/montessori.keweb.ch\/wp-content\/uploads\/2025\/11\/TourRose_2-5ans400-1.jpg","type":"image\/jpeg"}],"twitter_card":"summary_large_image","twitter_misc":{"Estimated reading time":"2 minutes"},"schema":{"@context":"https:\/\/schema.org","@graph":[{"@type":"WebPage","@id":"https:\/\/montessori.keweb.ch\/ecole-coppet\/","url":"https:\/\/montessori.keweb.ch\/ecole-coppet\/","name":"Ecole Coppet | Montessori l'Etincelle | Coppet - Suisse |","isPartOf":{"@id":"https:\/\/montessori.keweb.ch\/#website"},"primaryImageOfPage":{"@id":"https:\/\/montessori.keweb.ch\/ecole-coppet\/#primaryimage"},"image":{"@id":"https:\/\/montessori.keweb.ch\/ecole-coppet\/#primaryimage"},"thumbnailUrl":"https:\/\/montessori.keweb.ch\/wp-content\/uploads\/2025\/11\/TourRose_2-5ans400-1-354x1024.jpg","datePublished":"2025-11-15T00:31:46+00:00","dateModified":"2026-01-19T10:03:10+00:00","description":"Ecole Coppet enseignement est bas\u00e9 sur la p\u00e9dagogie , \u00e9ducatif suisse , \u00e9cole bilingue bas\u00e9e \u00e0 Coppet en Suisse . Ecole Coppet Enseigement Suisse .","breadcrumb":{"@id":"https:\/\/montessori.keweb.ch\/ecole-coppet\/#breadcrumb"},"inLanguage":"en-GB","potentialAction":[{"@type":"ReadAction","target":["https:\/\/montessori.keweb.ch\/ecole-coppet\/"]}]},{"@type":"ImageObject","inLanguage":"en-GB","@id":"https:\/\/montessori.keweb.ch\/ecole-coppet\/#primaryimage","url":"https:\/\/montessori.keweb.ch\/wp-content\/uploads\/2025\/11\/TourRose_2-5ans400-1-354x1024.jpg","contentUrl":"https:\/\/montessori.keweb.ch\/wp-content\/uploads\/2025\/11\/TourRose_2-5ans400-1-354x1024.jpg"},{"@type":"BreadcrumbList","@id":"https:\/\/montessori.keweb.ch\/ecole-coppet\/#breadcrumb","itemListElement":[{"@type":"ListItem","position":1,"name":"Accueil","item":"https:\/\/montessori.keweb.ch\/"},{"@type":"ListItem","position":2,"name":"L&rsquo;Etincelle"}]},{"@type":"WebSite","@id":"https:\/\/montessori.keweb.ch\/#website","url":"https:\/\/montessori.keweb.ch\/","name":"Ecole Bilingue Montessori Anglais","description":"","publisher":{"@id":"https:\/\/montessori.keweb.ch\/#organization"},"alternateName":"Ecole Bilingue Montessori Anglais","potentialAction":[{"@type":"SearchAction","target":{"@type":"EntryPoint","urlTemplate":"https:\/\/montessori.keweb.ch\/?s={search_term_string}"},"query-input":{"@type":"PropertyValueSpecification","valueRequired":true,"valueName":"search_term_string"}}],"inLanguage":"en-GB"},{"@type":"Organization","@id":"https:\/\/montessori.keweb.ch\/#organization","name":"Ecole Bilingue Montessori Anglais","alternateName":"Ecole Bilingue Montessori Anglais","url":"https:\/\/montessori.keweb.ch\/","logo":{"@type":"ImageObject","inLanguage":"en-GB","@id":"https:\/\/montessori.keweb.ch\/#\/schema\/logo\/image\/","url":"https:\/\/montessori.keweb.ch\/wp-content\/uploads\/2025\/10\/logo-1.png","contentUrl":"https:\/\/montessori.keweb.ch\/wp-content\/uploads\/2025\/10\/logo-1.png","width":597,"height":850,"caption":"Ecole Bilingue Montessori Anglais"},"image":{"@id":"https:\/\/montessori.keweb.ch\/#\/schema\/logo\/image\/"}}]}},"_links":{"self":[{"href":"https:\/\/montessori.keweb.ch\/en\/wp-json\/wp\/v2\/pages\/1820","targetHints":{"allow":["GET"]}}],"collection":[{"href":"https:\/\/montessori.keweb.ch\/en\/wp-json\/wp\/v2\/pages"}],"about":[{"href":"https:\/\/montessori.keweb.ch\/en\/wp-json\/wp\/v2\/types\/page"}],"author":[{"embeddable":true,"href":"https:\/\/montessori.keweb.ch\/en\/wp-json\/wp\/v2\/users\/1"}],"replies":[{"embeddable":true,"href":"https:\/\/montessori.keweb.ch\/en\/wp-json\/wp\/v2\/comments?post=1820"}],"version-history":[{"count":10,"href":"https:\/\/montessori.keweb.ch\/en\/wp-json\/wp\/v2\/pages\/1820\/revisions"}],"predecessor-version":[{"id":2186,"href":"https:\/\/montessori.keweb.ch\/en\/wp-json\/wp\/v2\/pages\/1820\/revisions\/2186"}],"wp:attachment":[{"href":"https:\/\/montessori.keweb.ch\/en\/wp-json\/wp\/v2\/media?parent=1820"}],"curies":[{"name":"wp","href":"https:\/\/api.w.org\/{rel}","templated":true}]}}