{"id":1870,"date":"2025-11-15T00:48:08","date_gmt":"2025-11-15T00:48:08","guid":{"rendered":"https:\/\/montessori.keweb.ch\/?page_id=1870"},"modified":"2026-01-19T09:25:18","modified_gmt":"2026-01-19T09:25:18","slug":"news-ecole-montessori-coppet","status":"publish","type":"page","link":"https:\/\/montessori.keweb.ch\/en\/news-ecole-montessori-coppet\/","title":{"rendered":"\u00c0 la Une"},"content":{"rendered":"<div data-elementor-type=\"wp-page\" data-elementor-id=\"1870\" class=\"elementor elementor-1870\">\n\t\t\t\t<div class=\"elementor-element elementor-element-d02e509 e-flex e-con-boxed parallax_section_no qode_elementor_container_no e-con e-parent\" data-id=\"d02e509\" data-element_type=\"container\" data-e-type=\"container\">\n\t\t\t\t\t<div class=\"e-con-inner\">\n\t\t\t\t<div class=\"elementor-element elementor-element-f44f410 elementor-widget elementor-widget-heading\" data-id=\"f44f410\" data-element_type=\"widget\" data-e-type=\"widget\" data-widget_type=\"heading.default\">\n\t\t\t\t\t<h1 class=\"elementor-heading-title elementor-size-default\">News<\/h1>\t\t\t\t<\/div>\n\t\t\t\t<div class=\"elementor-element elementor-element-e057251 elementor-widget elementor-widget-spacer\" data-id=\"e057251\" data-element_type=\"widget\" data-e-type=\"widget\" data-widget_type=\"spacer.default\">\n\t\t\t\t\t\t\t<div class=\"elementor-spacer\">\n\t\t\t<div class=\"elementor-spacer-inner\"><\/div>\n\t\t<\/div>\n\t\t\t\t\t\t<\/div>\n\t\t\t\t\t<\/div>\n\t\t\t\t<\/div>\n\t\t<div class=\"elementor-element elementor-element-de7be87 e-flex e-con-boxed parallax_section_no qode_elementor_container_no e-con e-parent\" data-id=\"de7be87\" data-element_type=\"container\" data-e-type=\"container\">\n\t\t\t\t\t<div class=\"e-con-inner\">\n\t\t\t\t<div class=\"elementor-element elementor-element-212d381 elementor-widget elementor-widget-heading\" data-id=\"212d381\" data-element_type=\"widget\" data-e-type=\"widget\" data-widget_type=\"heading.default\">\n\t\t\t\t\t<h2 class=\"elementor-heading-title elementor-size-default\">Visite de l'\u00e9cole sur demande<\/h2>\t\t\t\t<\/div>\n\t\t\t\t<div class=\"elementor-element elementor-element-96e0cbf elementor-widget elementor-widget-text-editor\" data-id=\"96e0cbf\" data-element_type=\"widget\" data-e-type=\"widget\" data-widget_type=\"text-editor.default\">\n\t\t\t\t\t\t\t\t\t<p><strong>Une visite de l&rsquo;\u00e9cole<\/strong>\u00a0peut \u00eatre organis\u00e9e sur demande, en respectant les mesures sanitaires.<br \/><br \/><\/p><p>Pour l&rsquo;organiser, veuillez prendre contact avec nous :<\/p><p><br \/>Tel: 078 334 50 04<\/p><p><br \/>Email:\u00a0<a href=\"mailto:contact@montessori-etincelle.ch\" target=\"_blank\" rel=\"noopener\">contact@montessori-etincelle.ch<\/a><\/p>\t\t\t\t\t\t\t\t<\/div>\n\t\t\t\t<div class=\"elementor-element elementor-element-e7b3010 elementor-widget elementor-widget-spacer\" data-id=\"e7b3010\" data-element_type=\"widget\" data-e-type=\"widget\" data-widget_type=\"spacer.default\">\n\t\t\t\t\t\t\t<div class=\"elementor-spacer\">\n\t\t\t<div class=\"elementor-spacer-inner\"><\/div>\n\t\t<\/div>\n\t\t\t\t\t\t<\/div>\n\t\t\t\t\t<\/div>\n\t\t\t\t<\/div>\n\t\t<div class=\"elementor-element elementor-element-bd122bd e-flex e-con-boxed parallax_section_no qode_elementor_container_no e-con e-parent\" data-id=\"bd122bd\" data-element_type=\"container\" data-e-type=\"container\">\n\t\t\t\t\t<div class=\"e-con-inner\">\n\t\t\t\t<div class=\"elementor-element elementor-element-e830b25 elementor-widget elementor-widget-heading\" data-id=\"e830b25\" data-element_type=\"widget\" data-e-type=\"widget\" data-widget_type=\"heading.default\">\n\t\t\t\t\t<h2 class=\"elementor-heading-title elementor-size-default\">School visit on demand<\/h2>\t\t\t\t<\/div>\n\t\t\t\t<div class=\"elementor-element elementor-element-becf19d elementor-widget elementor-widget-text-editor\" data-id=\"becf19d\" data-element_type=\"widget\" data-e-type=\"widget\" data-widget_type=\"text-editor.default\">\n\t\t\t\t\t\t\t\t\t<p><strong>A visit to the school<\/strong> can be arranged on request, subject to sanitary measures.<br \/><br \/><\/p><p>To arrange this, please contact us:<br \/>\u00a0<\/p><p>Tel: 078 334 50 04<br \/><br \/><\/p><p>Email:\u00a0<a href=\"mailto:contact@montessori-etincelle.ch\" target=\"_blank\" rel=\"noopener\">contact@montessori-etincelle.ch<\/a><\/p><p>\u00a0<\/p>\t\t\t\t\t\t\t\t<\/div>\n\t\t\t\t<div class=\"elementor-element elementor-element-e1bb9d6 elementor-widget elementor-widget-spacer\" data-id=\"e1bb9d6\" data-element_type=\"widget\" data-e-type=\"widget\" data-widget_type=\"spacer.default\">\n\t\t\t\t\t\t\t<div class=\"elementor-spacer\">\n\t\t\t<div class=\"elementor-spacer-inner\"><\/div>\n\t\t<\/div>\n\t\t\t\t\t\t<\/div>\n\t\t\t\t\t<\/div>\n\t\t\t\t<\/div>\n\t\t<div class=\"elementor-element elementor-element-a5aee02 e-flex e-con-boxed parallax_section_no qode_elementor_container_no e-con e-parent\" data-id=\"a5aee02\" data-element_type=\"container\" data-e-type=\"container\">\n\t\t\t\t\t<div class=\"e-con-inner\">\n\t\t\t\t<div class=\"elementor-element elementor-element-e8a9144 elementor-widget elementor-widget-heading\" data-id=\"e8a9144\" data-element_type=\"widget\" data-e-type=\"widget\" data-widget_type=\"heading.default\">\n\t\t\t\t\t<h2 class=\"elementor-heading-title elementor-size-default\">Conferences sur demande \/ on demand<\/h2>\t\t\t\t<\/div>\n\t\t\t\t<div class=\"elementor-element elementor-element-5add662 elementor-widget elementor-widget-text-editor\" data-id=\"5add662\" data-element_type=\"widget\" data-e-type=\"widget\" data-widget_type=\"text-editor.default\">\n\t\t\t\t\t\t\t\t\t<p><strong>Les ateliers\/conf\u00e9rences<\/strong>\u00a0<strong>Montessori<\/strong>\u00a0peuvent \u00eatre organis\u00e9s sur demande, en respectant les mesures sanitaires. Faites-nous part de vos souhaits, il y a diff\u00e9rents th\u00e8mes possibles : voir\u00a0<a href=\"https:\/\/montessori-consultancy.com\/ateliers-conferences\/\" target=\"_blank\" rel=\"noopener\">site web<\/a>\u00a0ou\u00a0<a href=\"https:\/\/www.facebook.com\/montessoriconsultancy\" target=\"_blank\" rel=\"noopener\">page Facebook<\/a>\u00a0de Montessori Consultancy<br \/><br \/><\/p><p><strong>The Montessori conferences\u00a0<\/strong>can be organised on demand, by respecting the sanitary measures. Please let us know your wishes, there are different themes available: see Montessori Consultancy\u00a0<a href=\"https:\/\/montessori-consultancy.com\/ateliers-conferences\/\" target=\"_blank\" rel=\"noopener\">website<\/a>\u00a0or\u00a0<a href=\"https:\/\/www.facebook.com\/montessoriconsultancy\" target=\"_blank\" rel=\"noopener\">Facebook page<\/a><\/p>\t\t\t\t\t\t\t\t<\/div>\n\t\t\t\t<div class=\"elementor-element elementor-element-726a7c9 elementor-widget elementor-widget-spacer\" data-id=\"726a7c9\" data-element_type=\"widget\" data-e-type=\"widget\" data-widget_type=\"spacer.default\">\n\t\t\t\t\t\t\t<div class=\"elementor-spacer\">\n\t\t\t<div class=\"elementor-spacer-inner\"><\/div>\n\t\t<\/div>\n\t\t\t\t\t\t<\/div>\n\t\t\t\t\t<\/div>\n\t\t\t\t<\/div>\n\t\t<div class=\"elementor-element elementor-element-89c3b6f e-flex e-con-boxed parallax_section_no qode_elementor_container_no e-con e-parent\" data-id=\"89c3b6f\" data-element_type=\"container\" data-e-type=\"container\">\n\t\t\t\t\t<div class=\"e-con-inner\">\n\t\t\t\t<div class=\"elementor-element elementor-element-3b688ca elementor-widget elementor-widget-heading\" data-id=\"3b688ca\" data-element_type=\"widget\" data-e-type=\"widget\" data-widget_type=\"heading.default\">\n\t\t\t\t\t<h2 class=\"elementor-heading-title elementor-size-default\">Presse \/ Media<\/h2>\t\t\t\t<\/div>\n\t\t\t\t<div class=\"elementor-element elementor-element-def167c elementor-widget elementor-widget-heading\" data-id=\"def167c\" data-element_type=\"widget\" data-e-type=\"widget\" data-widget_type=\"heading.default\">\n\t\t\t\t\t<h3 class=\"elementor-heading-title elementor-size-default\">Articles<\/h3>\t\t\t\t<\/div>\n\t\t\t\t<div class=\"elementor-element elementor-element-33a69d0 elementor-widget elementor-widget-text-editor\" data-id=\"33a69d0\" data-element_type=\"widget\" data-e-type=\"widget\" data-widget_type=\"text-editor.default\">\n\t\t\t\t\t\t\t\t\t<p><a href=\"https:\/\/www.montessori-etincelle.ch\/wp-content\/uploads\/2020\/04\/ToutImmo_EME_06042020.pdf\" target=\"_blank\" rel=\"noopener\">Une Ecole Montessori s&rsquo;installe \u00e0 Coppet (pdf)<\/a>; Tout Immo; Viviane Scaramiglia; 06-04-2020<\/p><p><a href=\"https:\/\/www.facebook.com\/MontessoriEtincelle\/photos\/a.117686936522014\/154370872853620\/?type=3&amp;theater\" target=\"_blank\" rel=\"noopener\">Nouveau \u00e0 Coppet : Ecole Montessori l&rsquo;Etincelle, bilingue fran\u00e7ais-anglais<\/a>, le Journal de Coppet.Mag, no 38, p. 7<\/p>\t\t\t\t\t\t\t\t<\/div>\n\t\t\t\t<div class=\"elementor-element elementor-element-05499a1 elementor-widget elementor-widget-spacer\" data-id=\"05499a1\" data-element_type=\"widget\" data-e-type=\"widget\" data-widget_type=\"spacer.default\">\n\t\t\t\t\t\t\t<div class=\"elementor-spacer\">\n\t\t\t<div class=\"elementor-spacer-inner\"><\/div>\n\t\t<\/div>\n\t\t\t\t\t\t<\/div>\n\t\t\t\t\t<\/div>\n\t\t\t\t<\/div>\n\t\t<div class=\"elementor-element elementor-element-f45fccd e-flex e-con-boxed parallax_section_no qode_elementor_container_no e-con e-parent\" data-id=\"f45fccd\" data-element_type=\"container\" data-e-type=\"container\">\n\t\t\t\t\t<div class=\"e-con-inner\">\n\t\t\t\t<div class=\"elementor-element elementor-element-c1473e3 elementor-widget elementor-widget-heading\" data-id=\"c1473e3\" data-element_type=\"widget\" data-e-type=\"widget\" data-widget_type=\"heading.default\">\n\t\t\t\t\t<h2 class=\"elementor-heading-title elementor-size-default\">Articles<\/h2>\t\t\t\t<\/div>\n\t\t\t\t<div class=\"elementor-element elementor-element-c8676bf elementor-widget elementor-widget-text-editor\" data-id=\"c8676bf\" data-element_type=\"widget\" data-e-type=\"widget\" data-widget_type=\"text-editor.default\">\n\t\t\t\t\t\t\t\t\t<h2>Sur la p\u00e9dagogie Montessori \/ Montessori pedagogy articles<\/h2><h2>\u00a0<\/h2><p><strong>#\u00a0<\/strong><a href=\"https:\/\/www.montessori-etincelle.ch\/apprentissage-sensoriel-et-travail-de-la-main\/\" target=\"_blank\" rel=\"noopener\"><strong>P\u00e9dagogie Montessori\u00a0: apprentissage sensoriel et travail de la main\u00a0<\/strong><\/a><\/p><p>La p\u00e9dagogie Montessori propose un apprentissage qui passe par les sens et le travail de la main. Maria Montessori a \u00e9labor\u00e9 sa p\u00e9dagogie \u00e0 partir de l&rsquo;observation d&rsquo;enfants et aujourd&rsquo;hui\u00a0les neurosciences revisitent et confirment ses concepts fondamentaux.<br \/><br \/>&#8211; Auteur : Sabine Tinelli, Consultante \u00e0\u00a0<a href=\"https:\/\/montessori-consultancy.com\/\" target=\"_blank\" rel=\"noopener\">Montessori Consultancy<\/a>, avril 2020<\/p><p>\u00a0<\/p><p><strong>#\u00a0<\/strong><a href=\"https:\/\/www.montessori-etincelle.ch\/art-environnement-prepare\/\" target=\"_blank\" rel=\"noopener\"><strong>P\u00e9dagogie Montessori\u00a0: environnement pr\u00e9par\u00e9\u00a0<\/strong><\/a><\/p><p>L&rsquo;enseignant Montessori est responsable de l&rsquo;environnement pr\u00e9par\u00e9, qui r\u00e9pond aux besoins et aux int\u00e9r\u00eats des enfants, gr\u00e2ce \u00e0 un mat\u00e9riel adapt\u00e9 !<\/p><p>&#8211; Auteur : Sabine Tinelli,<\/p><p>Consultante \u00e0\u00a0<a href=\"https:\/\/montessori-consultancy.com\/\" target=\"_blank\" rel=\"noopener\">Montessori Consultancy<\/a>, avril 2020<\/p>\t\t\t\t\t\t\t\t<\/div>\n\t\t\t\t<div class=\"elementor-element elementor-element-0830b20 elementor-widget elementor-widget-spacer\" data-id=\"0830b20\" data-element_type=\"widget\" data-e-type=\"widget\" data-widget_type=\"spacer.default\">\n\t\t\t\t\t\t\t<div class=\"elementor-spacer\">\n\t\t\t<div class=\"elementor-spacer-inner\"><\/div>\n\t\t<\/div>\n\t\t\t\t\t\t<\/div>\n\t\t\t\t\t<\/div>\n\t\t\t\t<\/div>\n\t\t\t\t<\/div>","protected":false},"excerpt":{"rendered":"<p>News Visite de l&rsquo;\u00e9cole sur demande Une visite de l&rsquo;\u00e9cole\u00a0peut \u00eatre organis\u00e9e sur demande, en respectant les mesures sanitaires. Pour l&rsquo;organiser, veuillez prendre contact avec nous : Tel: 078 334 50 04 Email:\u00a0contact@montessori-etincelle.ch School visit on demand A visit to the school can be arranged&#8230;<\/p>","protected":false},"author":1,"featured_media":0,"parent":0,"menu_order":0,"comment_status":"closed","ping_status":"closed","template":"","meta":{"footnotes":""},"class_list":["post-1870","page","type-page","status-publish","hentry"],"yoast_head":"<!-- This site is optimized with the Yoast SEO plugin v26.9 - https:\/\/yoast.com\/product\/yoast-seo-wordpress\/ -->\n<title>News \u00e9cole Montessori Coppet | Montessori l&#039;Etincelle | Suisse - Coppet |<\/title>\n<meta name=\"description\" content=\"News \u00e9cole Montessori Coppet News, actualit\u00e9s, \u00e9v\u00e9nements, restez inform\u00e9s sur ce qu&#039;il se passe \u00e0 l&#039;\u00e9cole \u00e9cole Montessori Coppet\" \/>\n<meta name=\"robots\" content=\"index, follow, max-snippet:-1, max-image-preview:large, max-video-preview:-1\" \/>\n<link rel=\"canonical\" href=\"https:\/\/montessori.keweb.ch\/en\/news-ecole-montessori-coppet\/\" \/>\n<meta property=\"og:locale\" content=\"en_GB\" \/>\n<meta property=\"og:type\" content=\"article\" \/>\n<meta property=\"og:title\" content=\"News \u00e9cole Montessori Coppet | Montessori l&#039;Etincelle | Suisse - Coppet |\" \/>\n<meta property=\"og:description\" content=\"News \u00e9cole Montessori Coppet News, actualit\u00e9s, \u00e9v\u00e9nements, restez inform\u00e9s sur ce qu&#039;il se passe \u00e0 l&#039;\u00e9cole \u00e9cole Montessori Coppet\" \/>\n<meta property=\"og:url\" content=\"https:\/\/montessori.keweb.ch\/en\/news-ecole-montessori-coppet\/\" \/>\n<meta property=\"og:site_name\" content=\"Ecole Montessori\" \/>\n<meta property=\"article:modified_time\" content=\"2026-01-19T09:25:18+00:00\" \/>\n<meta property=\"og:image\" content=\"https:\/\/montessori.keweb.ch\/wp-content\/uploads\/2025\/11\/logo-1-1-1.png\" \/>\n\t<meta property=\"og:image:width\" content=\"260\" \/>\n\t<meta property=\"og:image:height\" content=\"370\" \/>\n\t<meta property=\"og:image:type\" content=\"image\/png\" \/>\n<meta name=\"twitter:card\" content=\"summary_large_image\" \/>\n<meta name=\"twitter:label1\" content=\"Estimated reading time\" \/>\n\t<meta name=\"twitter:data1\" content=\"2 minutes\" \/>\n<script type=\"application\/ld+json\" class=\"yoast-schema-graph\">{\"@context\":\"https:\/\/schema.org\",\"@graph\":[{\"@type\":\"WebPage\",\"@id\":\"https:\/\/montessori.keweb.ch\/news-ecole-montessori-coppet\/\",\"url\":\"https:\/\/montessori.keweb.ch\/news-ecole-montessori-coppet\/\",\"name\":\"News \u00e9cole Montessori Coppet | Montessori l'Etincelle | Suisse - Coppet |\",\"isPartOf\":{\"@id\":\"https:\/\/montessori.keweb.ch\/#website\"},\"datePublished\":\"2025-11-15T00:48:08+00:00\",\"dateModified\":\"2026-01-19T09:25:18+00:00\",\"description\":\"News \u00e9cole Montessori Coppet News, actualit\u00e9s, \u00e9v\u00e9nements, restez inform\u00e9s sur ce qu'il se passe \u00e0 l'\u00e9cole \u00e9cole Montessori Coppet\",\"breadcrumb\":{\"@id\":\"https:\/\/montessori.keweb.ch\/news-ecole-montessori-coppet\/#breadcrumb\"},\"inLanguage\":\"en-GB\",\"potentialAction\":[{\"@type\":\"ReadAction\",\"target\":[\"https:\/\/montessori.keweb.ch\/news-ecole-montessori-coppet\/\"]}]},{\"@type\":\"BreadcrumbList\",\"@id\":\"https:\/\/montessori.keweb.ch\/news-ecole-montessori-coppet\/#breadcrumb\",\"itemListElement\":[{\"@type\":\"ListItem\",\"position\":1,\"name\":\"Accueil\",\"item\":\"https:\/\/montessori.keweb.ch\/\"},{\"@type\":\"ListItem\",\"position\":2,\"name\":\"\u00c0 la Une\"}]},{\"@type\":\"WebSite\",\"@id\":\"https:\/\/montessori.keweb.ch\/#website\",\"url\":\"https:\/\/montessori.keweb.ch\/\",\"name\":\"Ecole Bilingue Montessori Anglais\",\"description\":\"\",\"publisher\":{\"@id\":\"https:\/\/montessori.keweb.ch\/#organization\"},\"alternateName\":\"Ecole Bilingue Montessori Anglais\",\"potentialAction\":[{\"@type\":\"SearchAction\",\"target\":{\"@type\":\"EntryPoint\",\"urlTemplate\":\"https:\/\/montessori.keweb.ch\/?s={search_term_string}\"},\"query-input\":{\"@type\":\"PropertyValueSpecification\",\"valueRequired\":true,\"valueName\":\"search_term_string\"}}],\"inLanguage\":\"en-GB\"},{\"@type\":\"Organization\",\"@id\":\"https:\/\/montessori.keweb.ch\/#organization\",\"name\":\"Ecole Bilingue Montessori Anglais\",\"alternateName\":\"Ecole Bilingue Montessori Anglais\",\"url\":\"https:\/\/montessori.keweb.ch\/\",\"logo\":{\"@type\":\"ImageObject\",\"inLanguage\":\"en-GB\",\"@id\":\"https:\/\/montessori.keweb.ch\/#\/schema\/logo\/image\/\",\"url\":\"https:\/\/montessori.keweb.ch\/wp-content\/uploads\/2025\/10\/logo-1.png\",\"contentUrl\":\"https:\/\/montessori.keweb.ch\/wp-content\/uploads\/2025\/10\/logo-1.png\",\"width\":597,\"height\":850,\"caption\":\"Ecole Bilingue Montessori Anglais\"},\"image\":{\"@id\":\"https:\/\/montessori.keweb.ch\/#\/schema\/logo\/image\/\"}}]}<\/script>\n<!-- \/ Yoast SEO plugin. -->","yoast_head_json":{"title":"News \u00e9cole Montessori Coppet | Montessori l'Etincelle | Suisse - Coppet |","description":"News \u00e9cole Montessori Coppet News, actualit\u00e9s, \u00e9v\u00e9nements, restez inform\u00e9s sur ce qu'il se passe \u00e0 l'\u00e9cole \u00e9cole Montessori Coppet","robots":{"index":"index","follow":"follow","max-snippet":"max-snippet:-1","max-image-preview":"max-image-preview:large","max-video-preview":"max-video-preview:-1"},"canonical":"https:\/\/montessori.keweb.ch\/en\/news-ecole-montessori-coppet\/","og_locale":"en_GB","og_type":"article","og_title":"News \u00e9cole Montessori Coppet | Montessori l'Etincelle | Suisse - Coppet |","og_description":"News \u00e9cole Montessori Coppet News, actualit\u00e9s, \u00e9v\u00e9nements, restez inform\u00e9s sur ce qu'il se passe \u00e0 l'\u00e9cole \u00e9cole Montessori Coppet","og_url":"https:\/\/montessori.keweb.ch\/en\/news-ecole-montessori-coppet\/","og_site_name":"Ecole Montessori","article_modified_time":"2026-01-19T09:25:18+00:00","og_image":[{"width":260,"height":370,"url":"https:\/\/montessori.keweb.ch\/wp-content\/uploads\/2025\/11\/logo-1-1-1.png","type":"image\/png"}],"twitter_card":"summary_large_image","twitter_misc":{"Estimated reading time":"2 minutes"},"schema":{"@context":"https:\/\/schema.org","@graph":[{"@type":"WebPage","@id":"https:\/\/montessori.keweb.ch\/news-ecole-montessori-coppet\/","url":"https:\/\/montessori.keweb.ch\/news-ecole-montessori-coppet\/","name":"News \u00e9cole Montessori Coppet | Montessori l'Etincelle | Suisse - Coppet |","isPartOf":{"@id":"https:\/\/montessori.keweb.ch\/#website"},"datePublished":"2025-11-15T00:48:08+00:00","dateModified":"2026-01-19T09:25:18+00:00","description":"News \u00e9cole Montessori Coppet News, actualit\u00e9s, \u00e9v\u00e9nements, restez inform\u00e9s sur ce qu'il se passe \u00e0 l'\u00e9cole \u00e9cole Montessori Coppet","breadcrumb":{"@id":"https:\/\/montessori.keweb.ch\/news-ecole-montessori-coppet\/#breadcrumb"},"inLanguage":"en-GB","potentialAction":[{"@type":"ReadAction","target":["https:\/\/montessori.keweb.ch\/news-ecole-montessori-coppet\/"]}]},{"@type":"BreadcrumbList","@id":"https:\/\/montessori.keweb.ch\/news-ecole-montessori-coppet\/#breadcrumb","itemListElement":[{"@type":"ListItem","position":1,"name":"Accueil","item":"https:\/\/montessori.keweb.ch\/"},{"@type":"ListItem","position":2,"name":"\u00c0 la Une"}]},{"@type":"WebSite","@id":"https:\/\/montessori.keweb.ch\/#website","url":"https:\/\/montessori.keweb.ch\/","name":"Ecole Bilingue Montessori Anglais","description":"","publisher":{"@id":"https:\/\/montessori.keweb.ch\/#organization"},"alternateName":"Ecole Bilingue Montessori Anglais","potentialAction":[{"@type":"SearchAction","target":{"@type":"EntryPoint","urlTemplate":"https:\/\/montessori.keweb.ch\/?s={search_term_string}"},"query-input":{"@type":"PropertyValueSpecification","valueRequired":true,"valueName":"search_term_string"}}],"inLanguage":"en-GB"},{"@type":"Organization","@id":"https:\/\/montessori.keweb.ch\/#organization","name":"Ecole Bilingue Montessori Anglais","alternateName":"Ecole Bilingue Montessori Anglais","url":"https:\/\/montessori.keweb.ch\/","logo":{"@type":"ImageObject","inLanguage":"en-GB","@id":"https:\/\/montessori.keweb.ch\/#\/schema\/logo\/image\/","url":"https:\/\/montessori.keweb.ch\/wp-content\/uploads\/2025\/10\/logo-1.png","contentUrl":"https:\/\/montessori.keweb.ch\/wp-content\/uploads\/2025\/10\/logo-1.png","width":597,"height":850,"caption":"Ecole Bilingue Montessori Anglais"},"image":{"@id":"https:\/\/montessori.keweb.ch\/#\/schema\/logo\/image\/"}}]}},"_links":{"self":[{"href":"https:\/\/montessori.keweb.ch\/en\/wp-json\/wp\/v2\/pages\/1870","targetHints":{"allow":["GET"]}}],"collection":[{"href":"https:\/\/montessori.keweb.ch\/en\/wp-json\/wp\/v2\/pages"}],"about":[{"href":"https:\/\/montessori.keweb.ch\/en\/wp-json\/wp\/v2\/types\/page"}],"author":[{"embeddable":true,"href":"https:\/\/montessori.keweb.ch\/en\/wp-json\/wp\/v2\/users\/1"}],"replies":[{"embeddable":true,"href":"https:\/\/montessori.keweb.ch\/en\/wp-json\/wp\/v2\/comments?post=1870"}],"version-history":[{"count":24,"href":"https:\/\/montessori.keweb.ch\/en\/wp-json\/wp\/v2\/pages\/1870\/revisions"}],"predecessor-version":[{"id":2161,"href":"https:\/\/montessori.keweb.ch\/en\/wp-json\/wp\/v2\/pages\/1870\/revisions\/2161"}],"wp:attachment":[{"href":"https:\/\/montessori.keweb.ch\/en\/wp-json\/wp\/v2\/media?parent=1870"}],"curies":[{"name":"wp","href":"https:\/\/api.w.org\/{rel}","templated":true}]}}